{"id":729,"date":"2023-07-26T17:17:27","date_gmt":"2023-07-26T15:17:27","guid":{"rendered":"https:\/\/theteahousestore.com\/?post_type=product&#038;p=729"},"modified":"2023-07-26T18:18:34","modified_gmt":"2023-07-26T16:18:34","slug":"paquete-de-ragalo-de-te-de-jazmin-y-te-azul","status":"publish","type":"product","link":"https:\/\/theteahousestore.com\/index.php\/product\/paquete-de-ragalo-de-te-de-jazmin-y-te-azul\/","title":{"rendered":"PAQUETE DE RAGALO DE TE DE JAZMIN Y TE AZUL \u91d1\u679d\u7389\u53f6\u793c\u76d2"},"content":{"rendered":"<p>el nombre \u00ab\u91d1\u679d\u7389\u53f6\u00bb, que significa \u00abramas doradas y hojas de jade\u00bb, evocando im\u00e1genes de elegancia y belleza. Esta combinaci\u00f3n de t\u00e9 de jazm\u00edn y t\u00e9 azul ofrece una experiencia \u00fanica y agradable para aquellos que disfrutan de diferentes sabores y aromas en su t\u00e9. La mezcla de la fragancia del jazm\u00edn con la robustez del t\u00e9 negro proporciona una experiencia de sabor equilibrado y refinado.<\/p>\n","protected":false},"excerpt":{"rendered":"<p>el nombre \u00ab\u91d1\u679d\u7389\u53f6\u00bb, que significa \u00abramas doradas y hojas de jade\u00bb, evocando im\u00e1genes de elegancia y belleza. Esta combinaci\u00f3n de t\u00e9 de jazm\u00edn y t\u00e9 azul ofrece una experiencia \u00fanica y agradable para aquellos que disfrutan de diferentes sabores y aromas en su t\u00e9. La mezcla de la fragancia del jazm\u00edn con la robustez del t\u00e9 negro proporciona una experiencia de sabor equilibrado y refinado.<\/p>\n","protected":false},"featured_media":730,"comment_status":"open","ping_status":"closed","template":"","meta":[],"product_brand":[],"product_cat":[42,34,40],"product_tag":[43,23],"class_list":{"0":"post-729","1":"product","2":"type-product","3":"status-publish","4":"has-post-thumbnail","6":"product_cat-caja-de-regalo","7":"product_cat-te","8":"product_cat-te-perfumado","9":"product_tag-caja-de-regalo","10":"product_tag-te","12":"first","13":"instock","14":"shipping-taxable","15":"purchasable","16":"product-type-simple"},"jetpack_sharing_enabled":true,"_links":{"self":[{"href":"https:\/\/theteahousestore.com\/index.php\/wp-json\/wp\/v2\/product\/729","targetHints":{"allow":["GET"]}}],"collection":[{"href":"https:\/\/theteahousestore.com\/index.php\/wp-json\/wp\/v2\/product"}],"about":[{"href":"https:\/\/theteahousestore.com\/index.php\/wp-json\/wp\/v2\/types\/product"}],"replies":[{"embeddable":true,"href":"https:\/\/theteahousestore.com\/index.php\/wp-json\/wp\/v2\/comments?post=729"}],"wp:featuredmedia":[{"embeddable":true,"href":"https:\/\/theteahousestore.com\/index.php\/wp-json\/wp\/v2\/media\/730"}],"wp:attachment":[{"href":"https:\/\/theteahousestore.com\/index.php\/wp-json\/wp\/v2\/media?parent=729"}],"wp:term":[{"taxonomy":"product_brand","embeddable":true,"href":"https:\/\/theteahousestore.com\/index.php\/wp-json\/wp\/v2\/product_brand?post=729"},{"taxonomy":"product_cat","embeddable":true,"href":"https:\/\/theteahousestore.com\/index.php\/wp-json\/wp\/v2\/product_cat?post=729"},{"taxonomy":"product_tag","embeddable":true,"href":"https:\/\/theteahousestore.com\/index.php\/wp-json\/wp\/v2\/product_tag?post=729"}],"curies":[{"name":"wp","href":"https:\/\/api.w.org\/{rel}","templated":true}]}}