{"id":725,"date":"2023-07-26T17:09:54","date_gmt":"2023-07-26T15:09:54","guid":{"rendered":"https:\/\/theteahousestore.com\/?post_type=product&#038;p=725"},"modified":"2023-10-06T19:29:49","modified_gmt":"2023-10-06T17:29:49","slug":"te-negro-jinjunmei-42u-viene-con-una-tetera-y-cuatro-tazas","status":"publish","type":"product","link":"https:\/\/theteahousestore.com\/index.php\/product\/te-negro-jinjunmei-42u-viene-con-una-tetera-y-cuatro-tazas\/","title":{"rendered":"TE NEGRO JINJUNMEI 42U VIENE CON UNA TETERA Y CUATRO TAZAS \u4e00\u7ea7\u91d1\u9a8f\u7709\u7ea2\u833642\u5305\u9001\u4e00\u58f6\u56db\u676f"},"content":{"rendered":"<p>un t\u00e9 de alta calidad y aroma intenso. Este paquete incluye 42 bolsitas individuales de t\u00e9 Jin Jun Mei de primera categor\u00eda. Adem\u00e1s, se acompa\u00f1a con una tetera y cuatro tazas para brindar una experiencia completa al disfrutar del t\u00e9.<\/p>\n","protected":false},"excerpt":{"rendered":"<p>un t\u00e9 de alta calidad y aroma intenso. Este paquete incluye 42 bolsitas individuales de t\u00e9 Jin Jun Mei de primera categor\u00eda. Adem\u00e1s, se acompa\u00f1a con una tetera y cuatro tazas para brindar una experiencia completa al disfrutar del t\u00e9.<\/p>\n","protected":false},"featured_media":726,"comment_status":"open","ping_status":"closed","template":"","meta":[],"product_brand":[],"product_cat":[42,34,35],"product_tag":[43,23],"class_list":{"0":"post-725","1":"product","2":"type-product","3":"status-publish","4":"has-post-thumbnail","6":"product_cat-caja-de-regalo","7":"product_cat-te","8":"product_cat-te-negro","9":"product_tag-caja-de-regalo","10":"product_tag-te","12":"first","13":"instock","14":"shipping-taxable","15":"purchasable","16":"product-type-simple"},"jetpack_sharing_enabled":true,"_links":{"self":[{"href":"https:\/\/theteahousestore.com\/index.php\/wp-json\/wp\/v2\/product\/725","targetHints":{"allow":["GET"]}}],"collection":[{"href":"https:\/\/theteahousestore.com\/index.php\/wp-json\/wp\/v2\/product"}],"about":[{"href":"https:\/\/theteahousestore.com\/index.php\/wp-json\/wp\/v2\/types\/product"}],"replies":[{"embeddable":true,"href":"https:\/\/theteahousestore.com\/index.php\/wp-json\/wp\/v2\/comments?post=725"}],"wp:featuredmedia":[{"embeddable":true,"href":"https:\/\/theteahousestore.com\/index.php\/wp-json\/wp\/v2\/media\/726"}],"wp:attachment":[{"href":"https:\/\/theteahousestore.com\/index.php\/wp-json\/wp\/v2\/media?parent=725"}],"wp:term":[{"taxonomy":"product_brand","embeddable":true,"href":"https:\/\/theteahousestore.com\/index.php\/wp-json\/wp\/v2\/product_brand?post=725"},{"taxonomy":"product_cat","embeddable":true,"href":"https:\/\/theteahousestore.com\/index.php\/wp-json\/wp\/v2\/product_cat?post=725"},{"taxonomy":"product_tag","embeddable":true,"href":"https:\/\/theteahousestore.com\/index.php\/wp-json\/wp\/v2\/product_tag?post=725"}],"curies":[{"name":"wp","href":"https:\/\/api.w.org\/{rel}","templated":true}]}}