{"id":707,"date":"2023-07-26T12:58:55","date_gmt":"2023-07-26T10:58:55","guid":{"rendered":"https:\/\/theteahousestore.com\/?post_type=product&#038;p=707"},"modified":"2023-07-26T12:58:55","modified_gmt":"2023-07-26T10:58:55","slug":"rodajas-de-limon-liofilizado","status":"publish","type":"product","link":"https:\/\/theteahousestore.com\/index.php\/product\/rodajas-de-limon-liofilizado\/","title":{"rendered":"RODAJAS DE LIMON LIOFILIZADO \u51bb\u5e72\u67e0\u6aac\u7247"},"content":{"rendered":"<p>Rodajas de lim\u00f3n liofilizado: Lim\u00f3n deshidratado y crujiente, con sabor c\u00edtrico concentrado. Vers\u00e1til en la cocina y contiene vitamina C<\/p>\n","protected":false},"excerpt":{"rendered":"<p>Rodajas de lim\u00f3n liofilizado: Lim\u00f3n deshidratado y crujiente, con sabor c\u00edtrico concentrado. Vers\u00e1til en la cocina y contiene vitamina C<\/p>\n","protected":false},"featured_media":708,"comment_status":"open","ping_status":"closed","template":"","meta":[],"product_brand":[],"product_cat":[34,41],"product_tag":[],"class_list":{"0":"post-707","1":"product","2":"type-product","3":"status-publish","4":"has-post-thumbnail","6":"product_cat-te","7":"product_cat-te-de-infusion","9":"first","10":"instock","11":"shipping-taxable","12":"purchasable","13":"product-type-simple"},"jetpack_sharing_enabled":true,"_links":{"self":[{"href":"https:\/\/theteahousestore.com\/index.php\/wp-json\/wp\/v2\/product\/707","targetHints":{"allow":["GET"]}}],"collection":[{"href":"https:\/\/theteahousestore.com\/index.php\/wp-json\/wp\/v2\/product"}],"about":[{"href":"https:\/\/theteahousestore.com\/index.php\/wp-json\/wp\/v2\/types\/product"}],"replies":[{"embeddable":true,"href":"https:\/\/theteahousestore.com\/index.php\/wp-json\/wp\/v2\/comments?post=707"}],"wp:featuredmedia":[{"embeddable":true,"href":"https:\/\/theteahousestore.com\/index.php\/wp-json\/wp\/v2\/media\/708"}],"wp:attachment":[{"href":"https:\/\/theteahousestore.com\/index.php\/wp-json\/wp\/v2\/media?parent=707"}],"wp:term":[{"taxonomy":"product_brand","embeddable":true,"href":"https:\/\/theteahousestore.com\/index.php\/wp-json\/wp\/v2\/product_brand?post=707"},{"taxonomy":"product_cat","embeddable":true,"href":"https:\/\/theteahousestore.com\/index.php\/wp-json\/wp\/v2\/product_cat?post=707"},{"taxonomy":"product_tag","embeddable":true,"href":"https:\/\/theteahousestore.com\/index.php\/wp-json\/wp\/v2\/product_tag?post=707"}],"curies":[{"name":"wp","href":"https:\/\/api.w.org\/{rel}","templated":true}]}}