{"id":701,"date":"2023-07-26T11:22:50","date_gmt":"2023-07-26T09:22:50","guid":{"rendered":"https:\/\/theteahousestore.com\/?post_type=product&#038;p=701"},"modified":"2023-08-02T10:47:59","modified_gmt":"2023-08-02T08:47:59","slug":"flower-tea-serie-melocoton-con-oolong","status":"publish","type":"product","link":"https:\/\/theteahousestore.com\/index.php\/product\/flower-tea-serie-melocoton-con-oolong\/","title":{"rendered":"FLOWER TEA SERIE- MELOCOTON CON OOLONG \u82b1\u679c\u8336\u7cfb\u5217- \u871c\u6843\u4e4c\u9f99"},"content":{"rendered":"<p>Esta combinaci\u00f3n de t\u00e9 de melocot\u00f3n con oolong ofrece una experiencia gustativa \u00fanica que es apreciada por muchos amantes del t\u00e9. Es una opci\u00f3n ideal para aquellos que disfrutan de t\u00e9s afrutados y desean probar una variedad de oolong con un toque dulce y refrescante.<\/p>\n","protected":false},"excerpt":{"rendered":"<p>Esta combinaci\u00f3n de t\u00e9 de melocot\u00f3n con oolong ofrece una experiencia gustativa \u00fanica que es apreciada por muchos amantes del t\u00e9. Es una opci\u00f3n ideal para aquellos que disfrutan de t\u00e9s afrutados y desean probar una variedad de oolong con un toque dulce y refrescante.<\/p>\n","protected":false},"featured_media":861,"comment_status":"open","ping_status":"closed","template":"","meta":[],"product_brand":[],"product_cat":[34,41,40],"product_tag":[23,30],"class_list":{"0":"post-701","1":"product","2":"type-product","3":"status-publish","4":"has-post-thumbnail","6":"product_cat-te","7":"product_cat-te-de-infusion","8":"product_cat-te-perfumado","9":"product_tag-te","10":"product_tag-te-perfumado","12":"first","13":"instock","14":"shipping-taxable","15":"purchasable","16":"product-type-simple"},"jetpack_sharing_enabled":true,"_links":{"self":[{"href":"https:\/\/theteahousestore.com\/index.php\/wp-json\/wp\/v2\/product\/701","targetHints":{"allow":["GET"]}}],"collection":[{"href":"https:\/\/theteahousestore.com\/index.php\/wp-json\/wp\/v2\/product"}],"about":[{"href":"https:\/\/theteahousestore.com\/index.php\/wp-json\/wp\/v2\/types\/product"}],"replies":[{"embeddable":true,"href":"https:\/\/theteahousestore.com\/index.php\/wp-json\/wp\/v2\/comments?post=701"}],"wp:featuredmedia":[{"embeddable":true,"href":"https:\/\/theteahousestore.com\/index.php\/wp-json\/wp\/v2\/media\/861"}],"wp:attachment":[{"href":"https:\/\/theteahousestore.com\/index.php\/wp-json\/wp\/v2\/media?parent=701"}],"wp:term":[{"taxonomy":"product_brand","embeddable":true,"href":"https:\/\/theteahousestore.com\/index.php\/wp-json\/wp\/v2\/product_brand?post=701"},{"taxonomy":"product_cat","embeddable":true,"href":"https:\/\/theteahousestore.com\/index.php\/wp-json\/wp\/v2\/product_cat?post=701"},{"taxonomy":"product_tag","embeddable":true,"href":"https:\/\/theteahousestore.com\/index.php\/wp-json\/wp\/v2\/product_tag?post=701"}],"curies":[{"name":"wp","href":"https:\/\/api.w.org\/{rel}","templated":true}]}}