{"id":699,"date":"2023-07-26T11:20:24","date_gmt":"2023-07-26T09:20:24","guid":{"rendered":"https:\/\/theteahousestore.com\/?post_type=product&#038;p=699"},"modified":"2023-08-02T10:42:00","modified_gmt":"2023-08-02T08:42:00","slug":"flower-tea-serie-rosa","status":"publish","type":"product","link":"https:\/\/theteahousestore.com\/index.php\/product\/flower-tea-serie-rosa\/","title":{"rendered":"FLOWER TEA SERIE- ROSA \u82b1\u679c\u8336\u7cfb\u5217- \u91cd\u74e3\u7ea2\u73ab\u7470"},"content":{"rendered":"<p>Infusi\u00f3n floral con aroma dulce, sin cafe\u00edna. Posibles beneficios antioxidantes y antiinflamatorios. Verifica alergias antes de consumirlo. Tambi\u00e9n se usa en cocina y cosm\u00e9ticos.<\/p>\n","protected":false},"excerpt":{"rendered":"<p>Infusi\u00f3n floral con aroma dulce, sin cafe\u00edna. Posibles beneficios antioxidantes y antiinflamatorios. Verifica alergias antes de consumirlo. Tambi\u00e9n se usa en cocina y cosm\u00e9ticos.<\/p>\n","protected":false},"featured_media":865,"comment_status":"open","ping_status":"closed","template":"","meta":[],"product_brand":[],"product_cat":[34,41,40],"product_tag":[23,30],"class_list":{"0":"post-699","1":"product","2":"type-product","3":"status-publish","4":"has-post-thumbnail","6":"product_cat-te","7":"product_cat-te-de-infusion","8":"product_cat-te-perfumado","9":"product_tag-te","10":"product_tag-te-perfumado","12":"first","13":"instock","14":"shipping-taxable","15":"purchasable","16":"product-type-simple"},"jetpack_sharing_enabled":true,"_links":{"self":[{"href":"https:\/\/theteahousestore.com\/index.php\/wp-json\/wp\/v2\/product\/699","targetHints":{"allow":["GET"]}}],"collection":[{"href":"https:\/\/theteahousestore.com\/index.php\/wp-json\/wp\/v2\/product"}],"about":[{"href":"https:\/\/theteahousestore.com\/index.php\/wp-json\/wp\/v2\/types\/product"}],"replies":[{"embeddable":true,"href":"https:\/\/theteahousestore.com\/index.php\/wp-json\/wp\/v2\/comments?post=699"}],"wp:featuredmedia":[{"embeddable":true,"href":"https:\/\/theteahousestore.com\/index.php\/wp-json\/wp\/v2\/media\/865"}],"wp:attachment":[{"href":"https:\/\/theteahousestore.com\/index.php\/wp-json\/wp\/v2\/media?parent=699"}],"wp:term":[{"taxonomy":"product_brand","embeddable":true,"href":"https:\/\/theteahousestore.com\/index.php\/wp-json\/wp\/v2\/product_brand?post=699"},{"taxonomy":"product_cat","embeddable":true,"href":"https:\/\/theteahousestore.com\/index.php\/wp-json\/wp\/v2\/product_cat?post=699"},{"taxonomy":"product_tag","embeddable":true,"href":"https:\/\/theteahousestore.com\/index.php\/wp-json\/wp\/v2\/product_tag?post=699"}],"curies":[{"name":"wp","href":"https:\/\/api.w.org\/{rel}","templated":true}]}}