{"id":693,"date":"2023-07-26T11:00:38","date_gmt":"2023-07-26T09:00:38","guid":{"rendered":"https:\/\/theteahousestore.com\/?post_type=product&#038;p=693"},"modified":"2023-08-02T10:40:34","modified_gmt":"2023-08-02T08:40:34","slug":"flower-tea-serie-datil-rojo","status":"publish","type":"product","link":"https:\/\/theteahousestore.com\/index.php\/product\/flower-tea-serie-datil-rojo\/","title":{"rendered":"FLOWER TEA SERIE- D\u00c1TIL ROJO \u82b1\u679c\u8336\u7cfb\u5217- \u7ea2\u67a3\u5e72"},"content":{"rendered":"<p>El d\u00e1til es una fruta dulce y deliciosa que proviene de la palmera d\u00e1til, conocida cient\u00edficamente como Phoenix dactylifera. Los d\u00e1tiles son ampliamente conocidos por su alto contenido de az\u00facar natural y su sabor \u00fanico.<\/p>\n","protected":false},"excerpt":{"rendered":"<p>El d\u00e1til es una fruta dulce y deliciosa que proviene de la palmera d\u00e1til, conocida cient\u00edficamente como Phoenix dactylifera. Los d\u00e1tiles son ampliamente conocidos por su alto contenido de az\u00facar natural y su sabor \u00fanico.<\/p>\n","protected":false},"featured_media":863,"comment_status":"open","ping_status":"closed","template":"","meta":[],"product_brand":[],"product_cat":[34,40],"product_tag":[23,30],"class_list":{"0":"post-693","1":"product","2":"type-product","3":"status-publish","4":"has-post-thumbnail","6":"product_cat-te","7":"product_cat-te-perfumado","8":"product_tag-te","9":"product_tag-te-perfumado","11":"first","12":"instock","13":"shipping-taxable","14":"purchasable","15":"product-type-simple"},"jetpack_sharing_enabled":true,"_links":{"self":[{"href":"https:\/\/theteahousestore.com\/index.php\/wp-json\/wp\/v2\/product\/693","targetHints":{"allow":["GET"]}}],"collection":[{"href":"https:\/\/theteahousestore.com\/index.php\/wp-json\/wp\/v2\/product"}],"about":[{"href":"https:\/\/theteahousestore.com\/index.php\/wp-json\/wp\/v2\/types\/product"}],"replies":[{"embeddable":true,"href":"https:\/\/theteahousestore.com\/index.php\/wp-json\/wp\/v2\/comments?post=693"}],"wp:featuredmedia":[{"embeddable":true,"href":"https:\/\/theteahousestore.com\/index.php\/wp-json\/wp\/v2\/media\/863"}],"wp:attachment":[{"href":"https:\/\/theteahousestore.com\/index.php\/wp-json\/wp\/v2\/media?parent=693"}],"wp:term":[{"taxonomy":"product_brand","embeddable":true,"href":"https:\/\/theteahousestore.com\/index.php\/wp-json\/wp\/v2\/product_brand?post=693"},{"taxonomy":"product_cat","embeddable":true,"href":"https:\/\/theteahousestore.com\/index.php\/wp-json\/wp\/v2\/product_cat?post=693"},{"taxonomy":"product_tag","embeddable":true,"href":"https:\/\/theteahousestore.com\/index.php\/wp-json\/wp\/v2\/product_tag?post=693"}],"curies":[{"name":"wp","href":"https:\/\/api.w.org\/{rel}","templated":true}]}}