{"id":691,"date":"2023-07-26T10:46:19","date_gmt":"2023-07-26T08:46:19","guid":{"rendered":"https:\/\/theteahousestore.com\/?post_type=product&#038;p=691"},"modified":"2023-08-02T10:39:50","modified_gmt":"2023-08-02T08:39:50","slug":"flower-tea-serie-flor-de-hibisco","status":"publish","type":"product","link":"https:\/\/theteahousestore.com\/index.php\/product\/flower-tea-serie-flor-de-hibisco\/","title":{"rendered":"FLOWER TEA SERIE- FLOR DE HIBISCO \u82b1\u679c\u8336\u7cfb\u5217- \u6d1b\u795e\u82b1"},"content":{"rendered":"<p>El t\u00e9 de flor de hibisco es una infusi\u00f3n agridulce y sin cafe\u00edna, con propiedades antioxidantes y posibles beneficios para la presi\u00f3n arterial y la salud del coraz\u00f3n.<\/p>\n","protected":false},"excerpt":{"rendered":"<p>El t\u00e9 de flor de hibisco es una infusi\u00f3n agridulce y sin cafe\u00edna, con propiedades antioxidantes y posibles beneficios para la presi\u00f3n arterial y la salud del coraz\u00f3n.<\/p>\n","protected":false},"featured_media":860,"comment_status":"open","ping_status":"closed","template":"","meta":[],"product_brand":[],"product_cat":[34,40],"product_tag":[23,30],"class_list":{"0":"post-691","1":"product","2":"type-product","3":"status-publish","4":"has-post-thumbnail","6":"product_cat-te","7":"product_cat-te-perfumado","8":"product_tag-te","9":"product_tag-te-perfumado","11":"first","12":"instock","13":"shipping-taxable","14":"purchasable","15":"product-type-simple"},"jetpack_sharing_enabled":true,"_links":{"self":[{"href":"https:\/\/theteahousestore.com\/index.php\/wp-json\/wp\/v2\/product\/691","targetHints":{"allow":["GET"]}}],"collection":[{"href":"https:\/\/theteahousestore.com\/index.php\/wp-json\/wp\/v2\/product"}],"about":[{"href":"https:\/\/theteahousestore.com\/index.php\/wp-json\/wp\/v2\/types\/product"}],"replies":[{"embeddable":true,"href":"https:\/\/theteahousestore.com\/index.php\/wp-json\/wp\/v2\/comments?post=691"}],"wp:featuredmedia":[{"embeddable":true,"href":"https:\/\/theteahousestore.com\/index.php\/wp-json\/wp\/v2\/media\/860"}],"wp:attachment":[{"href":"https:\/\/theteahousestore.com\/index.php\/wp-json\/wp\/v2\/media?parent=691"}],"wp:term":[{"taxonomy":"product_brand","embeddable":true,"href":"https:\/\/theteahousestore.com\/index.php\/wp-json\/wp\/v2\/product_brand?post=691"},{"taxonomy":"product_cat","embeddable":true,"href":"https:\/\/theteahousestore.com\/index.php\/wp-json\/wp\/v2\/product_cat?post=691"},{"taxonomy":"product_tag","embeddable":true,"href":"https:\/\/theteahousestore.com\/index.php\/wp-json\/wp\/v2\/product_tag?post=691"}],"curies":[{"name":"wp","href":"https:\/\/api.w.org\/{rel}","templated":true}]}}