{"id":689,"date":"2023-07-26T10:39:48","date_gmt":"2023-07-26T08:39:48","guid":{"rendered":"https:\/\/theteahousestore.com\/?post_type=product&#038;p=689"},"modified":"2023-08-02T10:39:07","modified_gmt":"2023-08-02T08:39:07","slug":"flower-tea-serie-crisantemo-fetal","status":"publish","type":"product","link":"https:\/\/theteahousestore.com\/index.php\/product\/flower-tea-serie-crisantemo-fetal\/","title":{"rendered":"FLOWER TEA SERIE- CRISANTEMO FETAL \u82b1\u679c\u8336\u7cfb\u5217- \u80ce\u83ca"},"content":{"rendered":"<p>El t\u00e9 de crisantemo es una infusi\u00f3n floral sin cafe\u00edna, popular en Asia, que puede tener propiedades antioxidantes y antiinflamatorias, as\u00ed como posibles beneficios para la salud ocular. Consulta a un profesional de la salud antes de consumirlo.<\/p>\n","protected":false},"excerpt":{"rendered":"<p>El t\u00e9 de crisantemo es una infusi\u00f3n floral sin cafe\u00edna, popular en Asia, que puede tener propiedades antioxidantes y antiinflamatorias, as\u00ed como posibles beneficios para la salud ocular. Consulta a un profesional de la salud antes de consumirlo.<\/p>\n","protected":false},"featured_media":864,"comment_status":"open","ping_status":"closed","template":"","meta":[],"product_brand":[],"product_cat":[34,40],"product_tag":[23,30],"class_list":{"0":"post-689","1":"product","2":"type-product","3":"status-publish","4":"has-post-thumbnail","6":"product_cat-te","7":"product_cat-te-perfumado","8":"product_tag-te","9":"product_tag-te-perfumado","11":"first","12":"instock","13":"shipping-taxable","14":"purchasable","15":"product-type-simple"},"jetpack_sharing_enabled":true,"_links":{"self":[{"href":"https:\/\/theteahousestore.com\/index.php\/wp-json\/wp\/v2\/product\/689","targetHints":{"allow":["GET"]}}],"collection":[{"href":"https:\/\/theteahousestore.com\/index.php\/wp-json\/wp\/v2\/product"}],"about":[{"href":"https:\/\/theteahousestore.com\/index.php\/wp-json\/wp\/v2\/types\/product"}],"replies":[{"embeddable":true,"href":"https:\/\/theteahousestore.com\/index.php\/wp-json\/wp\/v2\/comments?post=689"}],"wp:featuredmedia":[{"embeddable":true,"href":"https:\/\/theteahousestore.com\/index.php\/wp-json\/wp\/v2\/media\/864"}],"wp:attachment":[{"href":"https:\/\/theteahousestore.com\/index.php\/wp-json\/wp\/v2\/media?parent=689"}],"wp:term":[{"taxonomy":"product_brand","embeddable":true,"href":"https:\/\/theteahousestore.com\/index.php\/wp-json\/wp\/v2\/product_brand?post=689"},{"taxonomy":"product_cat","embeddable":true,"href":"https:\/\/theteahousestore.com\/index.php\/wp-json\/wp\/v2\/product_cat?post=689"},{"taxonomy":"product_tag","embeddable":true,"href":"https:\/\/theteahousestore.com\/index.php\/wp-json\/wp\/v2\/product_tag?post=689"}],"curies":[{"name":"wp","href":"https:\/\/api.w.org\/{rel}","templated":true}]}}