{"id":683,"date":"2023-07-25T19:47:44","date_gmt":"2023-07-25T17:47:44","guid":{"rendered":"https:\/\/theteahousestore.com\/?post_type=product&#038;p=683"},"modified":"2023-07-25T19:47:44","modified_gmt":"2023-07-25T17:47:44","slug":"rebanadas-de-ginseng-americano","status":"publish","type":"product","link":"https:\/\/theteahousestore.com\/index.php\/product\/rebanadas-de-ginseng-americano\/","title":{"rendered":"REBANADAS DE GINSENG AMERICANO \u897f\u6d0b\u53c2\u7247"},"content":{"rendered":"<p>Las rebanadas de ginseng americano son un producto hecho a partir de la ra\u00edz de la planta Panax quinquefolius, conocida como ginseng americano o ginseng de Am\u00e9rica del Norte. Estas rebanadas son trozos de la ra\u00edz de ginseng que han sido secados y cortados en forma de rodajas, lo que facilita su uso y consumo.<\/p>\n","protected":false},"excerpt":{"rendered":"<p>Las rebanadas de ginseng americano son un producto hecho a partir de la ra\u00edz de la planta Panax quinquefolius, conocida como ginseng americano o ginseng de Am\u00e9rica del Norte. Estas rebanadas son trozos de la ra\u00edz de ginseng que han sido secados y cortados en forma de rodajas, lo que facilita su uso y consumo.<\/p>\n","protected":false},"featured_media":684,"comment_status":"open","ping_status":"closed","template":"","meta":[],"product_brand":[],"product_cat":[34,41,40],"product_tag":[23,30],"class_list":{"0":"post-683","1":"product","2":"type-product","3":"status-publish","4":"has-post-thumbnail","6":"product_cat-te","7":"product_cat-te-de-infusion","8":"product_cat-te-perfumado","9":"product_tag-te","10":"product_tag-te-perfumado","12":"first","13":"instock","14":"shipping-taxable","15":"purchasable","16":"product-type-simple"},"jetpack_sharing_enabled":true,"_links":{"self":[{"href":"https:\/\/theteahousestore.com\/index.php\/wp-json\/wp\/v2\/product\/683","targetHints":{"allow":["GET"]}}],"collection":[{"href":"https:\/\/theteahousestore.com\/index.php\/wp-json\/wp\/v2\/product"}],"about":[{"href":"https:\/\/theteahousestore.com\/index.php\/wp-json\/wp\/v2\/types\/product"}],"replies":[{"embeddable":true,"href":"https:\/\/theteahousestore.com\/index.php\/wp-json\/wp\/v2\/comments?post=683"}],"wp:featuredmedia":[{"embeddable":true,"href":"https:\/\/theteahousestore.com\/index.php\/wp-json\/wp\/v2\/media\/684"}],"wp:attachment":[{"href":"https:\/\/theteahousestore.com\/index.php\/wp-json\/wp\/v2\/media?parent=683"}],"wp:term":[{"taxonomy":"product_brand","embeddable":true,"href":"https:\/\/theteahousestore.com\/index.php\/wp-json\/wp\/v2\/product_brand?post=683"},{"taxonomy":"product_cat","embeddable":true,"href":"https:\/\/theteahousestore.com\/index.php\/wp-json\/wp\/v2\/product_cat?post=683"},{"taxonomy":"product_tag","embeddable":true,"href":"https:\/\/theteahousestore.com\/index.php\/wp-json\/wp\/v2\/product_tag?post=683"}],"curies":[{"name":"wp","href":"https:\/\/api.w.org\/{rel}","templated":true}]}}