{"id":681,"date":"2023-07-25T19:43:08","date_gmt":"2023-07-25T17:43:08","guid":{"rendered":"https:\/\/theteahousestore.com\/?post_type=product&#038;p=681"},"modified":"2023-08-02T13:34:33","modified_gmt":"2023-08-02T11:34:33","slug":"granulos-de-ginseng-americano","status":"publish","type":"product","link":"https:\/\/theteahousestore.com\/index.php\/product\/granulos-de-ginseng-americano\/","title":{"rendered":"GR\u00c1NULOS DE GINSENG AMERICANO \u82b1\u65d7\u53c2\u9897\u7c92"},"content":{"rendered":"<p>Los gr\u00e1nulos de ginseng americano son un suplemento natural que se elabora a partir de la ra\u00edz de la planta Panax quinquefolius, conocida como ginseng americano o ginseng de Am\u00e9rica del Norte.<\/p>\n","protected":false},"excerpt":{"rendered":"<p>Los gr\u00e1nulos de ginseng americano son un suplemento natural que se elabora a partir de la ra\u00edz de la planta Panax quinquefolius, conocida como ginseng americano o ginseng de Am\u00e9rica del Norte.<\/p>\n","protected":false},"featured_media":682,"comment_status":"open","ping_status":"closed","template":"","meta":[],"product_brand":[],"product_cat":[34,41,40],"product_tag":[23,30],"class_list":{"0":"post-681","1":"product","2":"type-product","3":"status-publish","4":"has-post-thumbnail","6":"product_cat-te","7":"product_cat-te-de-infusion","8":"product_cat-te-perfumado","9":"product_tag-te","10":"product_tag-te-perfumado","12":"first","13":"instock","14":"shipping-taxable","15":"purchasable","16":"product-type-simple"},"jetpack_sharing_enabled":true,"_links":{"self":[{"href":"https:\/\/theteahousestore.com\/index.php\/wp-json\/wp\/v2\/product\/681","targetHints":{"allow":["GET"]}}],"collection":[{"href":"https:\/\/theteahousestore.com\/index.php\/wp-json\/wp\/v2\/product"}],"about":[{"href":"https:\/\/theteahousestore.com\/index.php\/wp-json\/wp\/v2\/types\/product"}],"replies":[{"embeddable":true,"href":"https:\/\/theteahousestore.com\/index.php\/wp-json\/wp\/v2\/comments?post=681"}],"wp:featuredmedia":[{"embeddable":true,"href":"https:\/\/theteahousestore.com\/index.php\/wp-json\/wp\/v2\/media\/682"}],"wp:attachment":[{"href":"https:\/\/theteahousestore.com\/index.php\/wp-json\/wp\/v2\/media?parent=681"}],"wp:term":[{"taxonomy":"product_brand","embeddable":true,"href":"https:\/\/theteahousestore.com\/index.php\/wp-json\/wp\/v2\/product_brand?post=681"},{"taxonomy":"product_cat","embeddable":true,"href":"https:\/\/theteahousestore.com\/index.php\/wp-json\/wp\/v2\/product_cat?post=681"},{"taxonomy":"product_tag","embeddable":true,"href":"https:\/\/theteahousestore.com\/index.php\/wp-json\/wp\/v2\/product_tag?post=681"}],"curies":[{"name":"wp","href":"https:\/\/api.w.org\/{rel}","templated":true}]}}