{"id":673,"date":"2023-07-25T19:22:57","date_gmt":"2023-07-25T17:22:57","guid":{"rendered":"https:\/\/theteahousestore.com\/?post_type=product&#038;p=673"},"modified":"2023-07-25T19:22:57","modified_gmt":"2023-07-25T17:22:57","slug":"chai-tea-clasico","status":"publish","type":"product","link":"https:\/\/theteahousestore.com\/index.php\/product\/chai-tea-clasico\/","title":{"rendered":"CHAI TEA CL\u00c1SICO \u7ecf\u5178\u5370\u5ea6\u8336"},"content":{"rendered":"<p>Es una popular y sabrosa variedad de t\u00e9 originaria de la India. Es una mezcla de t\u00e9 negro, especias y leche, que ofrece una experiencia de sabor \u00fanica y reconfortante.<\/p>\n","protected":false},"excerpt":{"rendered":"<p>Es una popular y sabrosa variedad de t\u00e9 originaria de la India. Es una mezcla de t\u00e9 negro, especias y leche, que ofrece una experiencia de sabor \u00fanica y reconfortante.<\/p>\n","protected":false},"featured_media":674,"comment_status":"open","ping_status":"closed","template":"","meta":[],"product_brand":[],"product_cat":[34,41,40],"product_tag":[23,30],"class_list":{"0":"post-673","1":"product","2":"type-product","3":"status-publish","4":"has-post-thumbnail","6":"product_cat-te","7":"product_cat-te-de-infusion","8":"product_cat-te-perfumado","9":"product_tag-te","10":"product_tag-te-perfumado","12":"first","13":"instock","14":"shipping-taxable","15":"purchasable","16":"product-type-simple"},"jetpack_sharing_enabled":true,"_links":{"self":[{"href":"https:\/\/theteahousestore.com\/index.php\/wp-json\/wp\/v2\/product\/673","targetHints":{"allow":["GET"]}}],"collection":[{"href":"https:\/\/theteahousestore.com\/index.php\/wp-json\/wp\/v2\/product"}],"about":[{"href":"https:\/\/theteahousestore.com\/index.php\/wp-json\/wp\/v2\/types\/product"}],"replies":[{"embeddable":true,"href":"https:\/\/theteahousestore.com\/index.php\/wp-json\/wp\/v2\/comments?post=673"}],"wp:featuredmedia":[{"embeddable":true,"href":"https:\/\/theteahousestore.com\/index.php\/wp-json\/wp\/v2\/media\/674"}],"wp:attachment":[{"href":"https:\/\/theteahousestore.com\/index.php\/wp-json\/wp\/v2\/media?parent=673"}],"wp:term":[{"taxonomy":"product_brand","embeddable":true,"href":"https:\/\/theteahousestore.com\/index.php\/wp-json\/wp\/v2\/product_brand?post=673"},{"taxonomy":"product_cat","embeddable":true,"href":"https:\/\/theteahousestore.com\/index.php\/wp-json\/wp\/v2\/product_cat?post=673"},{"taxonomy":"product_tag","embeddable":true,"href":"https:\/\/theteahousestore.com\/index.php\/wp-json\/wp\/v2\/product_tag?post=673"}],"curies":[{"name":"wp","href":"https:\/\/api.w.org\/{rel}","templated":true}]}}