{"id":668,"date":"2023-07-25T19:07:10","date_gmt":"2023-07-25T17:07:10","guid":{"rendered":"https:\/\/theteahousestore.com\/?post_type=product&#038;p=668"},"modified":"2023-07-25T19:07:10","modified_gmt":"2023-07-25T17:07:10","slug":"te-de-fruta-russia-6-sabor","status":"publish","type":"product","link":"https:\/\/theteahousestore.com\/index.php\/product\/te-de-fruta-russia-6-sabor\/","title":{"rendered":"T\u00c9 DE FRUTA RUSSIA 6 SABOR \u4fc4\u7f57\u65af\u6c34\u679c\u8336\u5305"},"content":{"rendered":"<p>Es una mezcla de t\u00e9 de frutas con seis sabores diferentes inspirados en Rusia. Esta infusi\u00f3n combina diversas frutas y hierbas para crear una experiencia \u00fanica y deliciosa.<\/p>\n","protected":false},"excerpt":{"rendered":"<p>Es una mezcla de t\u00e9 de frutas con seis sabores diferentes inspirados en Rusia. Esta infusi\u00f3n combina diversas frutas y hierbas para crear una experiencia \u00fanica y deliciosa.<\/p>\n","protected":false},"featured_media":669,"comment_status":"open","ping_status":"closed","template":"","meta":[],"product_brand":[],"product_cat":[34,41,40],"product_tag":[23,30],"class_list":{"0":"post-668","1":"product","2":"type-product","3":"status-publish","4":"has-post-thumbnail","6":"product_cat-te","7":"product_cat-te-de-infusion","8":"product_cat-te-perfumado","9":"product_tag-te","10":"product_tag-te-perfumado","12":"first","13":"instock","14":"shipping-taxable","15":"purchasable","16":"product-type-simple"},"jetpack_sharing_enabled":true,"_links":{"self":[{"href":"https:\/\/theteahousestore.com\/index.php\/wp-json\/wp\/v2\/product\/668","targetHints":{"allow":["GET"]}}],"collection":[{"href":"https:\/\/theteahousestore.com\/index.php\/wp-json\/wp\/v2\/product"}],"about":[{"href":"https:\/\/theteahousestore.com\/index.php\/wp-json\/wp\/v2\/types\/product"}],"replies":[{"embeddable":true,"href":"https:\/\/theteahousestore.com\/index.php\/wp-json\/wp\/v2\/comments?post=668"}],"wp:featuredmedia":[{"embeddable":true,"href":"https:\/\/theteahousestore.com\/index.php\/wp-json\/wp\/v2\/media\/669"}],"wp:attachment":[{"href":"https:\/\/theteahousestore.com\/index.php\/wp-json\/wp\/v2\/media?parent=668"}],"wp:term":[{"taxonomy":"product_brand","embeddable":true,"href":"https:\/\/theteahousestore.com\/index.php\/wp-json\/wp\/v2\/product_brand?post=668"},{"taxonomy":"product_cat","embeddable":true,"href":"https:\/\/theteahousestore.com\/index.php\/wp-json\/wp\/v2\/product_cat?post=668"},{"taxonomy":"product_tag","embeddable":true,"href":"https:\/\/theteahousestore.com\/index.php\/wp-json\/wp\/v2\/product_tag?post=668"}],"curies":[{"name":"wp","href":"https:\/\/api.w.org\/{rel}","templated":true}]}}