{"id":664,"date":"2023-07-25T18:32:25","date_gmt":"2023-07-25T16:32:25","guid":{"rendered":"https:\/\/theteahousestore.com\/?post_type=product&#038;p=664"},"modified":"2023-08-05T10:42:49","modified_gmt":"2023-08-05T08:42:49","slug":"combinacion-de-te-de-datiles-rojos-de-morera-doble-wolfberry","status":"publish","type":"product","link":"https:\/\/theteahousestore.com\/index.php\/product\/combinacion-de-te-de-datiles-rojos-de-morera-doble-wolfberry\/","title":{"rendered":"COMBINACI\u00d3N DE T\u00c9 DE D\u00c1TILES ROJOS DE MORERA DOBLE WOLFBERRY \u6590\u82e5\u8bfa \u6851\u845a\u53cc\u67b8\u675e\u7ea2\u67a3\u7ec4\u5408\u8336"},"content":{"rendered":"<p>T\u00e9 de mora, bayas de goji y ciruelas rojas: Rico, arom\u00e1tico y dulce. Nutritivo y saludable.<\/p>\n","protected":false},"excerpt":{"rendered":"<p>T\u00e9 de mora, bayas de goji y ciruelas rojas: Rico, arom\u00e1tico y dulce. Nutritivo y saludable.<\/p>\n","protected":false},"featured_media":665,"comment_status":"open","ping_status":"closed","template":"","meta":[],"product_brand":[],"product_cat":[34,41],"product_tag":[23,30],"class_list":{"0":"post-664","1":"product","2":"type-product","3":"status-publish","4":"has-post-thumbnail","6":"product_cat-te","7":"product_cat-te-de-infusion","8":"product_tag-te","9":"product_tag-te-perfumado","11":"first","12":"instock","13":"shipping-taxable","14":"purchasable","15":"product-type-simple"},"jetpack_sharing_enabled":true,"_links":{"self":[{"href":"https:\/\/theteahousestore.com\/index.php\/wp-json\/wp\/v2\/product\/664","targetHints":{"allow":["GET"]}}],"collection":[{"href":"https:\/\/theteahousestore.com\/index.php\/wp-json\/wp\/v2\/product"}],"about":[{"href":"https:\/\/theteahousestore.com\/index.php\/wp-json\/wp\/v2\/types\/product"}],"replies":[{"embeddable":true,"href":"https:\/\/theteahousestore.com\/index.php\/wp-json\/wp\/v2\/comments?post=664"}],"wp:featuredmedia":[{"embeddable":true,"href":"https:\/\/theteahousestore.com\/index.php\/wp-json\/wp\/v2\/media\/665"}],"wp:attachment":[{"href":"https:\/\/theteahousestore.com\/index.php\/wp-json\/wp\/v2\/media?parent=664"}],"wp:term":[{"taxonomy":"product_brand","embeddable":true,"href":"https:\/\/theteahousestore.com\/index.php\/wp-json\/wp\/v2\/product_brand?post=664"},{"taxonomy":"product_cat","embeddable":true,"href":"https:\/\/theteahousestore.com\/index.php\/wp-json\/wp\/v2\/product_cat?post=664"},{"taxonomy":"product_tag","embeddable":true,"href":"https:\/\/theteahousestore.com\/index.php\/wp-json\/wp\/v2\/product_tag?post=664"}],"curies":[{"name":"wp","href":"https:\/\/api.w.org\/{rel}","templated":true}]}}