{"id":656,"date":"2023-07-25T13:54:46","date_gmt":"2023-07-25T11:54:46","guid":{"rendered":"https:\/\/theteahousestore.com\/?post_type=product&#038;p=656"},"modified":"2023-07-25T14:02:07","modified_gmt":"2023-07-25T12:02:07","slug":"te-azul-oolong-con-melocoton-45g","status":"publish","type":"product","link":"https:\/\/theteahousestore.com\/index.php\/product\/te-azul-oolong-con-melocoton-45g\/","title":{"rendered":"T\u00c9 AZUL OOLONG CON MELOCOTON 45G \u871c\u6843\u4e4c\u9f99\u8336 45G"},"content":{"rendered":"<p>Deliciosa combinaci\u00f3n floral y tostada con sabor dulce. Aroma embriagador, color dorado. Refrescante y reconfortante, caliente o fr\u00edo. Opci\u00f3n \u00fanica para amantes del t\u00e9.<\/p>\n","protected":false},"excerpt":{"rendered":"<p>Deliciosa combinaci\u00f3n floral y tostada con sabor dulce. Aroma embriagador, color dorado. Refrescante y reconfortante, caliente o fr\u00edo. Opci\u00f3n \u00fanica para amantes del t\u00e9.<\/p>\n","protected":false},"featured_media":657,"comment_status":"open","ping_status":"closed","template":"","meta":[],"product_brand":[],"product_cat":[34,40],"product_tag":[23,30],"class_list":{"0":"post-656","1":"product","2":"type-product","3":"status-publish","4":"has-post-thumbnail","6":"product_cat-te","7":"product_cat-te-perfumado","8":"product_tag-te","9":"product_tag-te-perfumado","11":"first","12":"instock","13":"shipping-taxable","14":"purchasable","15":"product-type-simple"},"jetpack_sharing_enabled":true,"_links":{"self":[{"href":"https:\/\/theteahousestore.com\/index.php\/wp-json\/wp\/v2\/product\/656","targetHints":{"allow":["GET"]}}],"collection":[{"href":"https:\/\/theteahousestore.com\/index.php\/wp-json\/wp\/v2\/product"}],"about":[{"href":"https:\/\/theteahousestore.com\/index.php\/wp-json\/wp\/v2\/types\/product"}],"replies":[{"embeddable":true,"href":"https:\/\/theteahousestore.com\/index.php\/wp-json\/wp\/v2\/comments?post=656"}],"wp:featuredmedia":[{"embeddable":true,"href":"https:\/\/theteahousestore.com\/index.php\/wp-json\/wp\/v2\/media\/657"}],"wp:attachment":[{"href":"https:\/\/theteahousestore.com\/index.php\/wp-json\/wp\/v2\/media?parent=656"}],"wp:term":[{"taxonomy":"product_brand","embeddable":true,"href":"https:\/\/theteahousestore.com\/index.php\/wp-json\/wp\/v2\/product_brand?post=656"},{"taxonomy":"product_cat","embeddable":true,"href":"https:\/\/theteahousestore.com\/index.php\/wp-json\/wp\/v2\/product_cat?post=656"},{"taxonomy":"product_tag","embeddable":true,"href":"https:\/\/theteahousestore.com\/index.php\/wp-json\/wp\/v2\/product_tag?post=656"}],"curies":[{"name":"wp","href":"https:\/\/api.w.org\/{rel}","templated":true}]}}