{"id":643,"date":"2023-07-25T12:44:28","date_gmt":"2023-07-25T10:44:28","guid":{"rendered":"https:\/\/theteahousestore.com\/?post_type=product&#038;p=643"},"modified":"2023-07-25T13:14:10","modified_gmt":"2023-07-25T11:14:10","slug":"te-blanco-chino-en-lata-de-papel-20g","status":"publish","type":"product","link":"https:\/\/theteahousestore.com\/index.php\/product\/te-blanco-chino-en-lata-de-papel-20g\/","title":{"rendered":"T\u00c9 BLANCO CHINO EN LATA DE PAPEL 20g \u4e2d\u56fd\u767d\u8336\u7eb8\u7f50 20g"},"content":{"rendered":"<p>Las latas de papel para t\u00e9 blanco chino son una forma especial de envasado que se utiliza para contener y proteger el t\u00e9 blanco chino en latas de papel. Estas latas de papel suelen estar bellamente dise\u00f1adas y elaboradas para resaltar la alta calidad y singularidad del t\u00e9 blanco.<\/p>\n","protected":false},"excerpt":{"rendered":"<p>Las latas de papel para t\u00e9 blanco chino son una forma especial de envasado que se utiliza para contener y proteger el t\u00e9 blanco chino en latas de papel. Estas latas de papel suelen estar bellamente dise\u00f1adas y elaboradas para resaltar la alta calidad y singularidad del t\u00e9 blanco.<\/p>\n","protected":false},"featured_media":644,"comment_status":"open","ping_status":"closed","template":"","meta":[],"product_brand":[],"product_cat":[34,39],"product_tag":[23,24,25],"class_list":{"0":"post-643","1":"product","2":"type-product","3":"status-publish","4":"has-post-thumbnail","6":"product_cat-te","7":"product_cat-te-blanco","8":"product_tag-te","9":"product_tag-te-blanco","10":"product_tag-te-chino","12":"first","13":"instock","14":"shipping-taxable","15":"purchasable","16":"product-type-simple"},"jetpack_sharing_enabled":true,"_links":{"self":[{"href":"https:\/\/theteahousestore.com\/index.php\/wp-json\/wp\/v2\/product\/643","targetHints":{"allow":["GET"]}}],"collection":[{"href":"https:\/\/theteahousestore.com\/index.php\/wp-json\/wp\/v2\/product"}],"about":[{"href":"https:\/\/theteahousestore.com\/index.php\/wp-json\/wp\/v2\/types\/product"}],"replies":[{"embeddable":true,"href":"https:\/\/theteahousestore.com\/index.php\/wp-json\/wp\/v2\/comments?post=643"}],"wp:featuredmedia":[{"embeddable":true,"href":"https:\/\/theteahousestore.com\/index.php\/wp-json\/wp\/v2\/media\/644"}],"wp:attachment":[{"href":"https:\/\/theteahousestore.com\/index.php\/wp-json\/wp\/v2\/media?parent=643"}],"wp:term":[{"taxonomy":"product_brand","embeddable":true,"href":"https:\/\/theteahousestore.com\/index.php\/wp-json\/wp\/v2\/product_brand?post=643"},{"taxonomy":"product_cat","embeddable":true,"href":"https:\/\/theteahousestore.com\/index.php\/wp-json\/wp\/v2\/product_cat?post=643"},{"taxonomy":"product_tag","embeddable":true,"href":"https:\/\/theteahousestore.com\/index.php\/wp-json\/wp\/v2\/product_tag?post=643"}],"curies":[{"name":"wp","href":"https:\/\/api.w.org\/{rel}","templated":true}]}}