{"id":641,"date":"2023-07-25T12:40:54","date_gmt":"2023-07-25T10:40:54","guid":{"rendered":"https:\/\/theteahousestore.com\/?post_type=product&#038;p=641"},"modified":"2023-07-25T12:40:54","modified_gmt":"2023-07-25T10:40:54","slug":"te-blanco-qihuang-50g","status":"publish","type":"product","link":"https:\/\/theteahousestore.com\/index.php\/product\/te-blanco-qihuang-50g\/","title":{"rendered":"T\u00c9 BLANCO QIHUANG 50G \u5947\u7687\u96c4\u7acb\u767d\u8336\u94c1\u7f50 50G"},"content":{"rendered":"<p>Es un producto de t\u00e9 blanco de alta calidad que combina las t\u00e9cnicas tradicionales de elaboraci\u00f3n del t\u00e9 con la tecnolog\u00eda moderna de envasado para ofrecer a los amantes del t\u00e9 una experiencia de degustaci\u00f3n \u00fanica.<\/p>\n","protected":false},"excerpt":{"rendered":"<p>Es un producto de t\u00e9 blanco de alta calidad que combina las t\u00e9cnicas tradicionales de elaboraci\u00f3n del t\u00e9 con la tecnolog\u00eda moderna de envasado para ofrecer a los amantes del t\u00e9 una experiencia de degustaci\u00f3n \u00fanica.<\/p>\n","protected":false},"featured_media":642,"comment_status":"open","ping_status":"closed","template":"","meta":[],"product_brand":[],"product_cat":[34,39],"product_tag":[23,24,25],"class_list":{"0":"post-641","1":"product","2":"type-product","3":"status-publish","4":"has-post-thumbnail","6":"product_cat-te","7":"product_cat-te-blanco","8":"product_tag-te","9":"product_tag-te-blanco","10":"product_tag-te-chino","12":"first","13":"instock","14":"shipping-taxable","15":"purchasable","16":"product-type-simple"},"jetpack_sharing_enabled":true,"_links":{"self":[{"href":"https:\/\/theteahousestore.com\/index.php\/wp-json\/wp\/v2\/product\/641","targetHints":{"allow":["GET"]}}],"collection":[{"href":"https:\/\/theteahousestore.com\/index.php\/wp-json\/wp\/v2\/product"}],"about":[{"href":"https:\/\/theteahousestore.com\/index.php\/wp-json\/wp\/v2\/types\/product"}],"replies":[{"embeddable":true,"href":"https:\/\/theteahousestore.com\/index.php\/wp-json\/wp\/v2\/comments?post=641"}],"wp:featuredmedia":[{"embeddable":true,"href":"https:\/\/theteahousestore.com\/index.php\/wp-json\/wp\/v2\/media\/642"}],"wp:attachment":[{"href":"https:\/\/theteahousestore.com\/index.php\/wp-json\/wp\/v2\/media?parent=641"}],"wp:term":[{"taxonomy":"product_brand","embeddable":true,"href":"https:\/\/theteahousestore.com\/index.php\/wp-json\/wp\/v2\/product_brand?post=641"},{"taxonomy":"product_cat","embeddable":true,"href":"https:\/\/theteahousestore.com\/index.php\/wp-json\/wp\/v2\/product_cat?post=641"},{"taxonomy":"product_tag","embeddable":true,"href":"https:\/\/theteahousestore.com\/index.php\/wp-json\/wp\/v2\/product_tag?post=641"}],"curies":[{"name":"wp","href":"https:\/\/api.w.org\/{rel}","templated":true}]}}