{"id":638,"date":"2023-07-25T11:15:24","date_gmt":"2023-07-25T09:15:24","guid":{"rendered":"https:\/\/theteahousestore.com\/?post_type=product&#038;p=638"},"modified":"2023-07-25T17:33:47","modified_gmt":"2023-07-25T15:33:47","slug":"te-azul-ginseng-oolong-en-bolsas-desechables-un-uso","status":"publish","type":"product","link":"https:\/\/theteahousestore.com\/index.php\/product\/te-azul-ginseng-oolong-en-bolsas-desechables-un-uso\/","title":{"rendered":"T\u00c9 AZUL GINSENG OOLONG EN BOLSAS DESECHABLES (UN USO)\u4eba\u53c2\u4e4c\u9f99\u4e00\u676f\u88c5\u538b\u7f29\u8336\u53f6"},"content":{"rendered":"<p>un producto de t\u00e9 de puerh port\u00e1til\uff0cf\u00e1ciles de transportar y utilizar. Cada paquete peque\u00f1o suele contener una torta de t\u00e9 comprimida.<\/p>\n","protected":false},"excerpt":{"rendered":"<p>un producto de t\u00e9 de puerh port\u00e1til\uff0cf\u00e1ciles de transportar y utilizar. Cada paquete peque\u00f1o suele contener una torta de t\u00e9 comprimida.<\/p>\n","protected":false},"featured_media":640,"comment_status":"open","ping_status":"closed","template":"","meta":[],"product_brand":[],"product_cat":[34,38],"product_tag":[23,29,25],"class_list":{"0":"post-638","1":"product","2":"type-product","3":"status-publish","4":"has-post-thumbnail","6":"product_cat-te","7":"product_cat-te-azul","8":"product_tag-te","9":"product_tag-te-azul","10":"product_tag-te-chino","12":"first","13":"instock","14":"shipping-taxable","15":"purchasable","16":"product-type-simple"},"jetpack_sharing_enabled":true,"_links":{"self":[{"href":"https:\/\/theteahousestore.com\/index.php\/wp-json\/wp\/v2\/product\/638","targetHints":{"allow":["GET"]}}],"collection":[{"href":"https:\/\/theteahousestore.com\/index.php\/wp-json\/wp\/v2\/product"}],"about":[{"href":"https:\/\/theteahousestore.com\/index.php\/wp-json\/wp\/v2\/types\/product"}],"replies":[{"embeddable":true,"href":"https:\/\/theteahousestore.com\/index.php\/wp-json\/wp\/v2\/comments?post=638"}],"wp:featuredmedia":[{"embeddable":true,"href":"https:\/\/theteahousestore.com\/index.php\/wp-json\/wp\/v2\/media\/640"}],"wp:attachment":[{"href":"https:\/\/theteahousestore.com\/index.php\/wp-json\/wp\/v2\/media?parent=638"}],"wp:term":[{"taxonomy":"product_brand","embeddable":true,"href":"https:\/\/theteahousestore.com\/index.php\/wp-json\/wp\/v2\/product_brand?post=638"},{"taxonomy":"product_cat","embeddable":true,"href":"https:\/\/theteahousestore.com\/index.php\/wp-json\/wp\/v2\/product_cat?post=638"},{"taxonomy":"product_tag","embeddable":true,"href":"https:\/\/theteahousestore.com\/index.php\/wp-json\/wp\/v2\/product_tag?post=638"}],"curies":[{"name":"wp","href":"https:\/\/api.w.org\/{rel}","templated":true}]}}