{"id":634,"date":"2023-07-25T11:03:24","date_gmt":"2023-07-25T09:03:24","guid":{"rendered":"https:\/\/theteahousestore.com\/?post_type=product&#038;p=634"},"modified":"2025-03-17T01:18:23","modified_gmt":"2025-03-17T00:18:23","slug":"te-azul-ginseng-oolong-50g","status":"publish","type":"product","link":"https:\/\/theteahousestore.com\/index.php\/product\/te-azul-ginseng-oolong-50g\/","title":{"rendered":"T\u00c9 AZUL GINSENG OOLONG 50G \u4eba\u53c2\u4e4c\u9f99\u833650G"},"content":{"rendered":"<p>Ginseng Oolong es un producto \u00fanico de t\u00e9 oolong que combina lo mejor del t\u00e9 oolong tradicional y el ginseng en polvo. El t\u00e9 oolong es un t\u00e9 semifermentado famoso en China, alabado por su proceso de producci\u00f3n y aroma \u00fanicos.<\/p>\n","protected":false},"excerpt":{"rendered":"<p>Ginseng Oolong es un producto \u00fanico de t\u00e9 oolong que combina lo mejor del t\u00e9 oolong tradicional y el ginseng en polvo. El t\u00e9 oolong es un t\u00e9 semifermentado famoso en China, alabado por su proceso de producci\u00f3n y aroma \u00fanicos.<\/p>\n","protected":false},"featured_media":635,"comment_status":"open","ping_status":"closed","template":"","meta":[],"product_brand":[],"product_cat":[34,38],"product_tag":[23,29,25],"class_list":{"0":"post-634","1":"product","2":"type-product","3":"status-publish","4":"has-post-thumbnail","6":"product_cat-te","7":"product_cat-te-azul","8":"product_tag-te","9":"product_tag-te-azul","10":"product_tag-te-chino","12":"first","13":"instock","14":"shipping-taxable","15":"purchasable","16":"product-type-simple"},"jetpack_sharing_enabled":true,"_links":{"self":[{"href":"https:\/\/theteahousestore.com\/index.php\/wp-json\/wp\/v2\/product\/634","targetHints":{"allow":["GET"]}}],"collection":[{"href":"https:\/\/theteahousestore.com\/index.php\/wp-json\/wp\/v2\/product"}],"about":[{"href":"https:\/\/theteahousestore.com\/index.php\/wp-json\/wp\/v2\/types\/product"}],"replies":[{"embeddable":true,"href":"https:\/\/theteahousestore.com\/index.php\/wp-json\/wp\/v2\/comments?post=634"}],"wp:featuredmedia":[{"embeddable":true,"href":"https:\/\/theteahousestore.com\/index.php\/wp-json\/wp\/v2\/media\/635"}],"wp:attachment":[{"href":"https:\/\/theteahousestore.com\/index.php\/wp-json\/wp\/v2\/media?parent=634"}],"wp:term":[{"taxonomy":"product_brand","embeddable":true,"href":"https:\/\/theteahousestore.com\/index.php\/wp-json\/wp\/v2\/product_brand?post=634"},{"taxonomy":"product_cat","embeddable":true,"href":"https:\/\/theteahousestore.com\/index.php\/wp-json\/wp\/v2\/product_cat?post=634"},{"taxonomy":"product_tag","embeddable":true,"href":"https:\/\/theteahousestore.com\/index.php\/wp-json\/wp\/v2\/product_tag?post=634"}],"curies":[{"name":"wp","href":"https:\/\/api.w.org\/{rel}","templated":true}]}}