{"id":626,"date":"2023-07-25T10:34:37","date_gmt":"2023-07-25T08:34:37","guid":{"rendered":"https:\/\/theteahousestore.com\/?post_type=product&#038;p=626"},"modified":"2023-07-25T10:35:28","modified_gmt":"2023-07-25T08:35:28","slug":"te-azul-oolong-qihuang-100g","status":"publish","type":"product","link":"https:\/\/theteahousestore.com\/index.php\/product\/te-azul-oolong-qihuang-100g\/","title":{"rendered":"T\u00c9 AZUL OOLONG QIHUANG 100G \u5947\u7687\u96c4\u7acb\u4e4c\u9f99\u8336100G"},"content":{"rendered":"<p>Heredero del proceso tradicional de elaboraci\u00f3n del t\u00e9, Chihuag Xiongli Oolong Tea selecciona las mejores variedades locales de \u00e1rboles de t\u00e9 y las combina con la tecnolog\u00eda y los conocimientos modernos para optimizar el proceso de elaboraci\u00f3n del t\u00e9 y garantizar que cada hoja de t\u00e9 despliegue su sabor y aroma \u00fanicos.<\/p>\n","protected":false},"excerpt":{"rendered":"<p>Heredero del proceso tradicional de elaboraci\u00f3n del t\u00e9, Chihuag Xiongli Oolong Tea selecciona las mejores variedades locales de \u00e1rboles de t\u00e9 y las combina con la tecnolog\u00eda y los conocimientos modernos para optimizar el proceso de elaboraci\u00f3n del t\u00e9 y garantizar que cada hoja de t\u00e9 despliegue su sabor y aroma \u00fanicos.<\/p>\n","protected":false},"featured_media":627,"comment_status":"open","ping_status":"closed","template":"","meta":[],"product_brand":[],"product_cat":[34,38],"product_tag":[23,29,25],"class_list":{"0":"post-626","1":"product","2":"type-product","3":"status-publish","4":"has-post-thumbnail","6":"product_cat-te","7":"product_cat-te-azul","8":"product_tag-te","9":"product_tag-te-azul","10":"product_tag-te-chino","12":"first","13":"instock","14":"shipping-taxable","15":"purchasable","16":"product-type-simple"},"jetpack_sharing_enabled":true,"_links":{"self":[{"href":"https:\/\/theteahousestore.com\/index.php\/wp-json\/wp\/v2\/product\/626","targetHints":{"allow":["GET"]}}],"collection":[{"href":"https:\/\/theteahousestore.com\/index.php\/wp-json\/wp\/v2\/product"}],"about":[{"href":"https:\/\/theteahousestore.com\/index.php\/wp-json\/wp\/v2\/types\/product"}],"replies":[{"embeddable":true,"href":"https:\/\/theteahousestore.com\/index.php\/wp-json\/wp\/v2\/comments?post=626"}],"wp:featuredmedia":[{"embeddable":true,"href":"https:\/\/theteahousestore.com\/index.php\/wp-json\/wp\/v2\/media\/627"}],"wp:attachment":[{"href":"https:\/\/theteahousestore.com\/index.php\/wp-json\/wp\/v2\/media?parent=626"}],"wp:term":[{"taxonomy":"product_brand","embeddable":true,"href":"https:\/\/theteahousestore.com\/index.php\/wp-json\/wp\/v2\/product_brand?post=626"},{"taxonomy":"product_cat","embeddable":true,"href":"https:\/\/theteahousestore.com\/index.php\/wp-json\/wp\/v2\/product_cat?post=626"},{"taxonomy":"product_tag","embeddable":true,"href":"https:\/\/theteahousestore.com\/index.php\/wp-json\/wp\/v2\/product_tag?post=626"}],"curies":[{"name":"wp","href":"https:\/\/api.w.org\/{rel}","templated":true}]}}