{"id":622,"date":"2023-07-24T17:12:12","date_gmt":"2023-07-24T15:12:12","guid":{"rendered":"https:\/\/theteahousestore.com\/?post_type=product&#038;p=622"},"modified":"2025-01-24T08:02:17","modified_gmt":"2025-01-24T07:02:17","slug":"te-azul-tie-guanyin-en-lata-de-hierro-50g","status":"publish","type":"product","link":"https:\/\/theteahousestore.com\/index.php\/product\/te-azul-tie-guanyin-en-lata-de-hierro-50g\/","title":{"rendered":"T\u00c9 AZUL TIE GUANYIN50G \u94c1\u89c2\u97f350G"},"content":{"rendered":"<p>El Tieguanyin es un famoso t\u00e9 tradicional chino, conocido como el \u00abRey del T\u00e9 Oolong\u00bb. El t\u00e9 Tieguanyin suele tener un regusto dulce, es decir, despu\u00e9s de beber el t\u00e9, deja un aroma en la boca, que hace que la gente quiera seguir sabore\u00e1ndolo.<\/p>\n","protected":false},"excerpt":{"rendered":"<p>El Tieguanyin es un famoso t\u00e9 tradicional chino, conocido como el \u00abRey del T\u00e9 Oolong\u00bb. El t\u00e9 Tieguanyin suele tener un regusto dulce, es decir, despu\u00e9s de beber el t\u00e9, deja un aroma en la boca, que hace que la gente quiera seguir sabore\u00e1ndolo.<\/p>\n","protected":false},"featured_media":623,"comment_status":"open","ping_status":"closed","template":"","meta":[],"product_brand":[],"product_cat":[34,38],"product_tag":[23,29,25],"class_list":{"0":"post-622","1":"product","2":"type-product","3":"status-publish","4":"has-post-thumbnail","6":"product_cat-te","7":"product_cat-te-azul","8":"product_tag-te","9":"product_tag-te-azul","10":"product_tag-te-chino","12":"first","13":"instock","14":"shipping-taxable","15":"purchasable","16":"product-type-simple"},"jetpack_sharing_enabled":true,"_links":{"self":[{"href":"https:\/\/theteahousestore.com\/index.php\/wp-json\/wp\/v2\/product\/622","targetHints":{"allow":["GET"]}}],"collection":[{"href":"https:\/\/theteahousestore.com\/index.php\/wp-json\/wp\/v2\/product"}],"about":[{"href":"https:\/\/theteahousestore.com\/index.php\/wp-json\/wp\/v2\/types\/product"}],"replies":[{"embeddable":true,"href":"https:\/\/theteahousestore.com\/index.php\/wp-json\/wp\/v2\/comments?post=622"}],"wp:featuredmedia":[{"embeddable":true,"href":"https:\/\/theteahousestore.com\/index.php\/wp-json\/wp\/v2\/media\/623"}],"wp:attachment":[{"href":"https:\/\/theteahousestore.com\/index.php\/wp-json\/wp\/v2\/media?parent=622"}],"wp:term":[{"taxonomy":"product_brand","embeddable":true,"href":"https:\/\/theteahousestore.com\/index.php\/wp-json\/wp\/v2\/product_brand?post=622"},{"taxonomy":"product_cat","embeddable":true,"href":"https:\/\/theteahousestore.com\/index.php\/wp-json\/wp\/v2\/product_cat?post=622"},{"taxonomy":"product_tag","embeddable":true,"href":"https:\/\/theteahousestore.com\/index.php\/wp-json\/wp\/v2\/product_tag?post=622"}],"curies":[{"name":"wp","href":"https:\/\/api.w.org\/{rel}","templated":true}]}}