{"id":615,"date":"2023-07-24T16:38:34","date_gmt":"2023-07-24T14:38:34","guid":{"rendered":"https:\/\/theteahousestore.com\/?post_type=product&#038;p=615"},"modified":"2023-07-24T16:43:47","modified_gmt":"2023-07-24T14:43:47","slug":"te-azul-guanyin-250g","status":"publish","type":"product","link":"https:\/\/theteahousestore.com\/index.php\/product\/te-azul-guanyin-250g\/","title":{"rendered":"T\u00c9 AZUL GUANYIN 250G \u65b0\u8336\u94c1\u89c2\u97f3250G"},"content":{"rendered":"<p>El t\u00e9 Tieguanyin est\u00e1 finamente elaborado, riz\u00e1ndose en forma de bolita o bola, con un caldo de t\u00e9 dorado brillante, un rico aroma y un regusto dulce.<\/p>\n","protected":false},"excerpt":{"rendered":"<p>El t\u00e9 Tieguanyin est\u00e1 finamente elaborado, riz\u00e1ndose en forma de bolita o bola, con un caldo de t\u00e9 dorado brillante, un rico aroma y un regusto dulce.<\/p>\n","protected":false},"featured_media":616,"comment_status":"open","ping_status":"closed","template":"","meta":[],"product_brand":[],"product_cat":[34,38],"product_tag":[23,29,25],"class_list":{"0":"post-615","1":"product","2":"type-product","3":"status-publish","4":"has-post-thumbnail","6":"product_cat-te","7":"product_cat-te-azul","8":"product_tag-te","9":"product_tag-te-azul","10":"product_tag-te-chino","12":"first","13":"instock","14":"shipping-taxable","15":"purchasable","16":"product-type-simple"},"jetpack_sharing_enabled":true,"_links":{"self":[{"href":"https:\/\/theteahousestore.com\/index.php\/wp-json\/wp\/v2\/product\/615","targetHints":{"allow":["GET"]}}],"collection":[{"href":"https:\/\/theteahousestore.com\/index.php\/wp-json\/wp\/v2\/product"}],"about":[{"href":"https:\/\/theteahousestore.com\/index.php\/wp-json\/wp\/v2\/types\/product"}],"replies":[{"embeddable":true,"href":"https:\/\/theteahousestore.com\/index.php\/wp-json\/wp\/v2\/comments?post=615"}],"wp:featuredmedia":[{"embeddable":true,"href":"https:\/\/theteahousestore.com\/index.php\/wp-json\/wp\/v2\/media\/616"}],"wp:attachment":[{"href":"https:\/\/theteahousestore.com\/index.php\/wp-json\/wp\/v2\/media?parent=615"}],"wp:term":[{"taxonomy":"product_brand","embeddable":true,"href":"https:\/\/theteahousestore.com\/index.php\/wp-json\/wp\/v2\/product_brand?post=615"},{"taxonomy":"product_cat","embeddable":true,"href":"https:\/\/theteahousestore.com\/index.php\/wp-json\/wp\/v2\/product_cat?post=615"},{"taxonomy":"product_tag","embeddable":true,"href":"https:\/\/theteahousestore.com\/index.php\/wp-json\/wp\/v2\/product_tag?post=615"}],"curies":[{"name":"wp","href":"https:\/\/api.w.org\/{rel}","templated":true}]}}