{"id":613,"date":"2023-07-24T16:33:24","date_gmt":"2023-07-24T14:33:24","guid":{"rendered":"https:\/\/theteahousestore.com\/?post_type=product&#038;p=613"},"modified":"2023-07-25T16:38:42","modified_gmt":"2023-07-25T14:38:42","slug":"te-azul-tieguanyin-50g-serie-de-los-cinco-tes-mas-famosos-de-china","status":"publish","type":"product","link":"https:\/\/theteahousestore.com\/index.php\/product\/te-azul-tieguanyin-50g-serie-de-los-cinco-tes-mas-famosos-de-china\/","title":{"rendered":"T\u00c9 AZUL TIEGUANYIN 50G SERIE DE LOS CINCO T\u00c9S M\u00c1S FAMOSOS DE CHINA \u94c1\u89c2\u97f3 50g \u4e94\u5927\u8317\u8336\u7cfb\u5217"},"content":{"rendered":"<p>El Tieguanyin es uno de los diez t\u00e9s m\u00e1s famosos de China, producido en los alrededores del condado de Anxi, en la provincia de Fujian, y es muy apreciado por su aroma y sabor \u00fanicos.<\/p>\n","protected":false},"excerpt":{"rendered":"<p>El Tieguanyin es uno de los diez t\u00e9s m\u00e1s famosos de China, producido en los alrededores del condado de Anxi, en la provincia de Fujian, y es muy apreciado por su aroma y sabor \u00fanicos.<\/p>\n","protected":false},"featured_media":614,"comment_status":"open","ping_status":"closed","template":"","meta":[],"product_brand":[],"product_cat":[34,38],"product_tag":[23,29,25],"class_list":{"0":"post-613","1":"product","2":"type-product","3":"status-publish","4":"has-post-thumbnail","6":"product_cat-te","7":"product_cat-te-azul","8":"product_tag-te","9":"product_tag-te-azul","10":"product_tag-te-chino","12":"first","13":"instock","14":"shipping-taxable","15":"purchasable","16":"product-type-simple"},"jetpack_sharing_enabled":true,"_links":{"self":[{"href":"https:\/\/theteahousestore.com\/index.php\/wp-json\/wp\/v2\/product\/613","targetHints":{"allow":["GET"]}}],"collection":[{"href":"https:\/\/theteahousestore.com\/index.php\/wp-json\/wp\/v2\/product"}],"about":[{"href":"https:\/\/theteahousestore.com\/index.php\/wp-json\/wp\/v2\/types\/product"}],"replies":[{"embeddable":true,"href":"https:\/\/theteahousestore.com\/index.php\/wp-json\/wp\/v2\/comments?post=613"}],"wp:featuredmedia":[{"embeddable":true,"href":"https:\/\/theteahousestore.com\/index.php\/wp-json\/wp\/v2\/media\/614"}],"wp:attachment":[{"href":"https:\/\/theteahousestore.com\/index.php\/wp-json\/wp\/v2\/media?parent=613"}],"wp:term":[{"taxonomy":"product_brand","embeddable":true,"href":"https:\/\/theteahousestore.com\/index.php\/wp-json\/wp\/v2\/product_brand?post=613"},{"taxonomy":"product_cat","embeddable":true,"href":"https:\/\/theteahousestore.com\/index.php\/wp-json\/wp\/v2\/product_cat?post=613"},{"taxonomy":"product_tag","embeddable":true,"href":"https:\/\/theteahousestore.com\/index.php\/wp-json\/wp\/v2\/product_tag?post=613"}],"curies":[{"name":"wp","href":"https:\/\/api.w.org\/{rel}","templated":true}]}}