{"id":611,"date":"2023-07-24T16:28:49","date_gmt":"2023-07-24T14:28:49","guid":{"rendered":"https:\/\/theteahousestore.com\/?post_type=product&#038;p=611"},"modified":"2023-08-08T16:03:58","modified_gmt":"2023-08-08T14:03:58","slug":"te-azul-dahongpao-50g-serie-de-los-cinco-tes-mas-famosos-de-china","status":"publish","type":"product","link":"https:\/\/theteahousestore.com\/index.php\/product\/te-azul-dahongpao-50g-serie-de-los-cinco-tes-mas-famosos-de-china\/","title":{"rendered":"T\u00c9 AZUL DAHONGPAO 50G SERIE DE LOS CINCO T\u00c9S M\u00c1S FAMOSOS DE CHINA \u5927\u7ea2\u888d 50g \u4e94\u5927\u8317\u8336\u7cfb\u5217"},"content":{"rendered":"<p>Dahongpao es uno de los t\u00e9s de roca m\u00e1s famosos de China, producido en la zona monta\u00f1osa de Wuyi, en la provincia de Fujian. Es uno de los diez t\u00e9s m\u00e1s famosos de China y es muy apreciado por su singular encanto rocoso, su aroma mineral y su rico sabor.<\/p>\n","protected":false},"excerpt":{"rendered":"<p>Dahongpao es uno de los t\u00e9s de roca m\u00e1s famosos de China, producido en la zona monta\u00f1osa de Wuyi, en la provincia de Fujian. Es uno de los diez t\u00e9s m\u00e1s famosos de China y es muy apreciado por su singular encanto rocoso, su aroma mineral y su rico sabor.<\/p>\n","protected":false},"featured_media":612,"comment_status":"open","ping_status":"closed","template":"","meta":[],"product_brand":[],"product_cat":[34,38],"product_tag":[23,29,25],"class_list":{"0":"post-611","1":"product","2":"type-product","3":"status-publish","4":"has-post-thumbnail","6":"product_cat-te","7":"product_cat-te-azul","8":"product_tag-te","9":"product_tag-te-azul","10":"product_tag-te-chino","12":"first","13":"instock","14":"shipping-taxable","15":"purchasable","16":"product-type-simple"},"jetpack_sharing_enabled":true,"_links":{"self":[{"href":"https:\/\/theteahousestore.com\/index.php\/wp-json\/wp\/v2\/product\/611","targetHints":{"allow":["GET"]}}],"collection":[{"href":"https:\/\/theteahousestore.com\/index.php\/wp-json\/wp\/v2\/product"}],"about":[{"href":"https:\/\/theteahousestore.com\/index.php\/wp-json\/wp\/v2\/types\/product"}],"replies":[{"embeddable":true,"href":"https:\/\/theteahousestore.com\/index.php\/wp-json\/wp\/v2\/comments?post=611"}],"wp:featuredmedia":[{"embeddable":true,"href":"https:\/\/theteahousestore.com\/index.php\/wp-json\/wp\/v2\/media\/612"}],"wp:attachment":[{"href":"https:\/\/theteahousestore.com\/index.php\/wp-json\/wp\/v2\/media?parent=611"}],"wp:term":[{"taxonomy":"product_brand","embeddable":true,"href":"https:\/\/theteahousestore.com\/index.php\/wp-json\/wp\/v2\/product_brand?post=611"},{"taxonomy":"product_cat","embeddable":true,"href":"https:\/\/theteahousestore.com\/index.php\/wp-json\/wp\/v2\/product_cat?post=611"},{"taxonomy":"product_tag","embeddable":true,"href":"https:\/\/theteahousestore.com\/index.php\/wp-json\/wp\/v2\/product_tag?post=611"}],"curies":[{"name":"wp","href":"https:\/\/api.w.org\/{rel}","templated":true}]}}