{"id":609,"date":"2023-07-24T16:12:18","date_gmt":"2023-07-24T14:12:18","guid":{"rendered":"https:\/\/theteahousestore.com\/?post_type=product&#038;p=609"},"modified":"2023-07-24T16:29:52","modified_gmt":"2023-07-24T14:29:52","slug":"te-verde-chino-en-lata-de-papel-25g","status":"publish","type":"product","link":"https:\/\/theteahousestore.com\/index.php\/product\/te-verde-chino-en-lata-de-papel-25g\/","title":{"rendered":"T\u00c9 VERDE CHINO EN LATA DE PAPEL 25g \u4e2d\u56fd\u7eff\u8336\u7eb8\u7f5025g"},"content":{"rendered":"<p>Este tipo de envase utiliza botes de papel respetuosos con el medio ambiente que contienen t\u00e9 verde chino de alta calidad para ofrecer a los consumidores una c\u00f3moda experiencia de almacenamiento y preparaci\u00f3n. El envasado en latas de papel protege eficazmente la frescura y el aroma del t\u00e9 verde, manteni\u00e9ndolo bien protegido durante el transporte y el almacenamiento, adem\u00e1s de ser una forma de envasado ecol\u00f3gica y respetuosa con el medio ambiente.<\/p>\n","protected":false},"excerpt":{"rendered":"<p>Este tipo de envase utiliza botes de papel respetuosos con el medio ambiente que contienen t\u00e9 verde chino de alta calidad para ofrecer a los consumidores una c\u00f3moda experiencia de almacenamiento y preparaci\u00f3n. El envasado en latas de papel protege eficazmente la frescura y el aroma del t\u00e9 verde, manteni\u00e9ndolo bien protegido durante el transporte y el almacenamiento, adem\u00e1s de ser una forma de envasado ecol\u00f3gica y respetuosa con el medio ambiente.<\/p>\n","protected":false},"featured_media":610,"comment_status":"open","ping_status":"closed","template":"","meta":[],"product_brand":[],"product_cat":[34,37],"product_tag":[23,25,28],"class_list":{"0":"post-609","1":"product","2":"type-product","3":"status-publish","4":"has-post-thumbnail","6":"product_cat-te","7":"product_cat-te-verde","8":"product_tag-te","9":"product_tag-te-chino","10":"product_tag-te-verde","12":"first","13":"instock","14":"shipping-taxable","15":"purchasable","16":"product-type-simple"},"jetpack_sharing_enabled":true,"_links":{"self":[{"href":"https:\/\/theteahousestore.com\/index.php\/wp-json\/wp\/v2\/product\/609","targetHints":{"allow":["GET"]}}],"collection":[{"href":"https:\/\/theteahousestore.com\/index.php\/wp-json\/wp\/v2\/product"}],"about":[{"href":"https:\/\/theteahousestore.com\/index.php\/wp-json\/wp\/v2\/types\/product"}],"replies":[{"embeddable":true,"href":"https:\/\/theteahousestore.com\/index.php\/wp-json\/wp\/v2\/comments?post=609"}],"wp:featuredmedia":[{"embeddable":true,"href":"https:\/\/theteahousestore.com\/index.php\/wp-json\/wp\/v2\/media\/610"}],"wp:attachment":[{"href":"https:\/\/theteahousestore.com\/index.php\/wp-json\/wp\/v2\/media?parent=609"}],"wp:term":[{"taxonomy":"product_brand","embeddable":true,"href":"https:\/\/theteahousestore.com\/index.php\/wp-json\/wp\/v2\/product_brand?post=609"},{"taxonomy":"product_cat","embeddable":true,"href":"https:\/\/theteahousestore.com\/index.php\/wp-json\/wp\/v2\/product_cat?post=609"},{"taxonomy":"product_tag","embeddable":true,"href":"https:\/\/theteahousestore.com\/index.php\/wp-json\/wp\/v2\/product_tag?post=609"}],"curies":[{"name":"wp","href":"https:\/\/api.w.org\/{rel}","templated":true}]}}