{"id":605,"date":"2023-07-24T16:04:59","date_gmt":"2023-07-24T14:04:59","guid":{"rendered":"https:\/\/theteahousestore.com\/?post_type=product&#038;p=605"},"modified":"2023-07-24T16:12:49","modified_gmt":"2023-07-24T14:12:49","slug":"te-verde-alpine-50g","status":"publish","type":"product","link":"https:\/\/theteahousestore.com\/index.php\/product\/te-verde-alpine-50g\/","title":{"rendered":"T\u00c9 VERDE ALPINE 50g \u9ad8\u5c71\u7eff\u833650g"},"content":{"rendered":"<p>El T\u00e9 Verde de Alta Monta\u00f1a es un t\u00e9 verde de primera calidad producido en plantaciones de t\u00e9 a gran altitud, que suelen crecer en zonas monta\u00f1osas por encima de los 800 metros sobre el nivel del mar. El t\u00e9 verde de alta monta\u00f1a es el preferido de los amantes del t\u00e9 por su alta calidad y su origen \u00fanico.<\/p>\n","protected":false},"excerpt":{"rendered":"<p>El T\u00e9 Verde de Alta Monta\u00f1a es un t\u00e9 verde de primera calidad producido en plantaciones de t\u00e9 a gran altitud, que suelen crecer en zonas monta\u00f1osas por encima de los 800 metros sobre el nivel del mar. El t\u00e9 verde de alta monta\u00f1a es el preferido de los amantes del t\u00e9 por su alta calidad y su origen \u00fanico.<\/p>\n","protected":false},"featured_media":606,"comment_status":"open","ping_status":"closed","template":"","meta":[],"product_brand":[],"product_cat":[34,37],"product_tag":[23,25,28],"class_list":{"0":"post-605","1":"product","2":"type-product","3":"status-publish","4":"has-post-thumbnail","6":"product_cat-te","7":"product_cat-te-verde","8":"product_tag-te","9":"product_tag-te-chino","10":"product_tag-te-verde","12":"first","13":"instock","14":"shipping-taxable","15":"purchasable","16":"product-type-simple"},"jetpack_sharing_enabled":true,"_links":{"self":[{"href":"https:\/\/theteahousestore.com\/index.php\/wp-json\/wp\/v2\/product\/605","targetHints":{"allow":["GET"]}}],"collection":[{"href":"https:\/\/theteahousestore.com\/index.php\/wp-json\/wp\/v2\/product"}],"about":[{"href":"https:\/\/theteahousestore.com\/index.php\/wp-json\/wp\/v2\/types\/product"}],"replies":[{"embeddable":true,"href":"https:\/\/theteahousestore.com\/index.php\/wp-json\/wp\/v2\/comments?post=605"}],"wp:featuredmedia":[{"embeddable":true,"href":"https:\/\/theteahousestore.com\/index.php\/wp-json\/wp\/v2\/media\/606"}],"wp:attachment":[{"href":"https:\/\/theteahousestore.com\/index.php\/wp-json\/wp\/v2\/media?parent=605"}],"wp:term":[{"taxonomy":"product_brand","embeddable":true,"href":"https:\/\/theteahousestore.com\/index.php\/wp-json\/wp\/v2\/product_brand?post=605"},{"taxonomy":"product_cat","embeddable":true,"href":"https:\/\/theteahousestore.com\/index.php\/wp-json\/wp\/v2\/product_cat?post=605"},{"taxonomy":"product_tag","embeddable":true,"href":"https:\/\/theteahousestore.com\/index.php\/wp-json\/wp\/v2\/product_tag?post=605"}],"curies":[{"name":"wp","href":"https:\/\/api.w.org\/{rel}","templated":true}]}}