{"id":602,"date":"2023-07-24T13:54:55","date_gmt":"2023-07-24T11:54:55","guid":{"rendered":"https:\/\/theteahousestore.com\/?post_type=product&#038;p=602"},"modified":"2023-07-24T16:13:17","modified_gmt":"2023-07-24T14:13:17","slug":"te-verde-en-lata-de-hierro-100g","status":"publish","type":"product","link":"https:\/\/theteahousestore.com\/index.php\/product\/te-verde-en-lata-de-hierro-100g\/","title":{"rendered":"T\u00c9 VERDE EN LATA DE HIERRO 100G \u4e2d\u56fd\u7eff\u8336\u94c1\u7f50 100G"},"content":{"rendered":"<p>Es un producto de t\u00e9 que contiene t\u00e9 verde chino de primera calidad en una lata como formato de envase. Este dise\u00f1o de envase es a la vez est\u00e9tico y pr\u00e1ctico, ya que protege la frescura y el aroma del t\u00e9, adem\u00e1s de ser respetuoso con el medio ambiente y reutilizable. La lata de t\u00e9 verde chino se elabora con t\u00e9 verde de alta calidad, que se selecciona y elabora cuidadosamente en un proceso que permite mostrar a la perfecci\u00f3n el sabor fresco y el aroma \u00fanico del t\u00e9.<\/p>\n","protected":false},"excerpt":{"rendered":"<p>Es un producto de t\u00e9 que contiene t\u00e9 verde chino de primera calidad en una lata como formato de envase. Este dise\u00f1o de envase es a la vez est\u00e9tico y pr\u00e1ctico, ya que protege la frescura y el aroma del t\u00e9, adem\u00e1s de ser respetuoso con el medio ambiente y reutilizable. La lata de t\u00e9 verde chino se elabora con t\u00e9 verde de alta calidad, que se selecciona y elabora cuidadosamente en un proceso que permite mostrar a la perfecci\u00f3n el sabor fresco y el aroma \u00fanico del t\u00e9.<\/p>\n","protected":false},"featured_media":603,"comment_status":"open","ping_status":"closed","template":"","meta":[],"product_brand":[],"product_cat":[34,37],"product_tag":[23,25,28],"class_list":{"0":"post-602","1":"product","2":"type-product","3":"status-publish","4":"has-post-thumbnail","6":"product_cat-te","7":"product_cat-te-verde","8":"product_tag-te","9":"product_tag-te-chino","10":"product_tag-te-verde","12":"first","13":"instock","14":"shipping-taxable","15":"purchasable","16":"product-type-simple"},"jetpack_sharing_enabled":true,"_links":{"self":[{"href":"https:\/\/theteahousestore.com\/index.php\/wp-json\/wp\/v2\/product\/602","targetHints":{"allow":["GET"]}}],"collection":[{"href":"https:\/\/theteahousestore.com\/index.php\/wp-json\/wp\/v2\/product"}],"about":[{"href":"https:\/\/theteahousestore.com\/index.php\/wp-json\/wp\/v2\/types\/product"}],"replies":[{"embeddable":true,"href":"https:\/\/theteahousestore.com\/index.php\/wp-json\/wp\/v2\/comments?post=602"}],"wp:featuredmedia":[{"embeddable":true,"href":"https:\/\/theteahousestore.com\/index.php\/wp-json\/wp\/v2\/media\/603"}],"wp:attachment":[{"href":"https:\/\/theteahousestore.com\/index.php\/wp-json\/wp\/v2\/media?parent=602"}],"wp:term":[{"taxonomy":"product_brand","embeddable":true,"href":"https:\/\/theteahousestore.com\/index.php\/wp-json\/wp\/v2\/product_brand?post=602"},{"taxonomy":"product_cat","embeddable":true,"href":"https:\/\/theteahousestore.com\/index.php\/wp-json\/wp\/v2\/product_cat?post=602"},{"taxonomy":"product_tag","embeddable":true,"href":"https:\/\/theteahousestore.com\/index.php\/wp-json\/wp\/v2\/product_tag?post=602"}],"curies":[{"name":"wp","href":"https:\/\/api.w.org\/{rel}","templated":true}]}}