{"id":600,"date":"2023-07-24T13:50:31","date_gmt":"2023-07-24T11:50:31","guid":{"rendered":"https:\/\/theteahousestore.com\/?post_type=product&#038;p=600"},"modified":"2025-05-18T23:13:55","modified_gmt":"2025-05-18T21:13:55","slug":"te-verde-ming-cha-100g","status":"publish","type":"product","link":"https:\/\/theteahousestore.com\/index.php\/product\/te-verde-ming-cha-100g\/","title":{"rendered":"T\u00c9 VERDE MING CHA 100G \u4e2d\u56fd\u8317\u8336\u7eb8\u7f50 100G"},"content":{"rendered":"<p>Es un producto de t\u00e9 de primera calidad elaborado con hojas de t\u00e9 chinas seleccionadas y envasado en cantidades de 100 g para ayudar a mantener la frescura y la calidad del t\u00e9. Este bote de papel de t\u00e9 chino combina la cultura tradicional china del t\u00e9 con la moderna tecnolog\u00eda de envasado para ofrecer a los amantes del t\u00e9 una experiencia de degustaci\u00f3n superior.<\/p>\n","protected":false},"excerpt":{"rendered":"<p>Es un producto de t\u00e9 de primera calidad elaborado con hojas de t\u00e9 chinas seleccionadas y envasado en cantidades de 100 g para ayudar a mantener la frescura y la calidad del t\u00e9. Este bote de papel de t\u00e9 chino combina la cultura tradicional china del t\u00e9 con la moderna tecnolog\u00eda de envasado para ofrecer a los amantes del t\u00e9 una experiencia de degustaci\u00f3n superior.<\/p>\n","protected":false},"featured_media":601,"comment_status":"open","ping_status":"closed","template":"","meta":[],"product_brand":[],"product_cat":[34,37],"product_tag":[23,25,28],"class_list":{"0":"post-600","1":"product","2":"type-product","3":"status-publish","4":"has-post-thumbnail","6":"product_cat-te","7":"product_cat-te-verde","8":"product_tag-te","9":"product_tag-te-chino","10":"product_tag-te-verde","12":"first","13":"outofstock","14":"shipping-taxable","15":"purchasable","16":"product-type-simple"},"jetpack_sharing_enabled":true,"_links":{"self":[{"href":"https:\/\/theteahousestore.com\/index.php\/wp-json\/wp\/v2\/product\/600","targetHints":{"allow":["GET"]}}],"collection":[{"href":"https:\/\/theteahousestore.com\/index.php\/wp-json\/wp\/v2\/product"}],"about":[{"href":"https:\/\/theteahousestore.com\/index.php\/wp-json\/wp\/v2\/types\/product"}],"replies":[{"embeddable":true,"href":"https:\/\/theteahousestore.com\/index.php\/wp-json\/wp\/v2\/comments?post=600"}],"wp:featuredmedia":[{"embeddable":true,"href":"https:\/\/theteahousestore.com\/index.php\/wp-json\/wp\/v2\/media\/601"}],"wp:attachment":[{"href":"https:\/\/theteahousestore.com\/index.php\/wp-json\/wp\/v2\/media?parent=600"}],"wp:term":[{"taxonomy":"product_brand","embeddable":true,"href":"https:\/\/theteahousestore.com\/index.php\/wp-json\/wp\/v2\/product_brand?post=600"},{"taxonomy":"product_cat","embeddable":true,"href":"https:\/\/theteahousestore.com\/index.php\/wp-json\/wp\/v2\/product_cat?post=600"},{"taxonomy":"product_tag","embeddable":true,"href":"https:\/\/theteahousestore.com\/index.php\/wp-json\/wp\/v2\/product_tag?post=600"}],"curies":[{"name":"wp","href":"https:\/\/api.w.org\/{rel}","templated":true}]}}