{"id":597,"date":"2023-07-24T13:42:45","date_gmt":"2023-07-24T11:42:45","guid":{"rendered":"https:\/\/theteahousestore.com\/?post_type=product&#038;p=597"},"modified":"2025-04-12T16:32:54","modified_gmt":"2025-04-12T14:32:54","slug":"te-verde-bi-luo-chun-qihuang-100g","status":"publish","type":"product","link":"https:\/\/theteahousestore.com\/index.php\/product\/te-verde-bi-luo-chun-qihuang-100g\/","title":{"rendered":"T\u00c9 VERDE BI LUO CHUN QIHUANG 100G \u5947\u7687\u96c4\u7acb\u78a7\u87ba\u6625100G"},"content":{"rendered":"<p>Qihuang Xiongli Bi Luochun Tin Tin es un t\u00e9 verde Bi Luochun de alta calidad, conocido por su elegante aroma y su sabor fresco. El Bi Luochun es un famoso t\u00e9 verde producido en el condado de Anxi, en la provincia china de Fujian, y es uno de los diez t\u00e9s m\u00e1s famosos de China.<\/p>\n","protected":false},"excerpt":{"rendered":"<p>Qihuang Xiongli Bi Luochun Tin Tin es un t\u00e9 verde Bi Luochun de alta calidad, conocido por su elegante aroma y su sabor fresco. El Bi Luochun es un famoso t\u00e9 verde producido en el condado de Anxi, en la provincia china de Fujian, y es uno de los diez t\u00e9s m\u00e1s famosos de China.<\/p>\n","protected":false},"featured_media":599,"comment_status":"open","ping_status":"closed","template":"","meta":[],"product_brand":[],"product_cat":[34,37],"product_tag":[23,25,28],"class_list":{"0":"post-597","1":"product","2":"type-product","3":"status-publish","4":"has-post-thumbnail","6":"product_cat-te","7":"product_cat-te-verde","8":"product_tag-te","9":"product_tag-te-chino","10":"product_tag-te-verde","12":"first","13":"instock","14":"shipping-taxable","15":"purchasable","16":"product-type-simple"},"jetpack_sharing_enabled":true,"_links":{"self":[{"href":"https:\/\/theteahousestore.com\/index.php\/wp-json\/wp\/v2\/product\/597","targetHints":{"allow":["GET"]}}],"collection":[{"href":"https:\/\/theteahousestore.com\/index.php\/wp-json\/wp\/v2\/product"}],"about":[{"href":"https:\/\/theteahousestore.com\/index.php\/wp-json\/wp\/v2\/types\/product"}],"replies":[{"embeddable":true,"href":"https:\/\/theteahousestore.com\/index.php\/wp-json\/wp\/v2\/comments?post=597"}],"wp:featuredmedia":[{"embeddable":true,"href":"https:\/\/theteahousestore.com\/index.php\/wp-json\/wp\/v2\/media\/599"}],"wp:attachment":[{"href":"https:\/\/theteahousestore.com\/index.php\/wp-json\/wp\/v2\/media?parent=597"}],"wp:term":[{"taxonomy":"product_brand","embeddable":true,"href":"https:\/\/theteahousestore.com\/index.php\/wp-json\/wp\/v2\/product_brand?post=597"},{"taxonomy":"product_cat","embeddable":true,"href":"https:\/\/theteahousestore.com\/index.php\/wp-json\/wp\/v2\/product_cat?post=597"},{"taxonomy":"product_tag","embeddable":true,"href":"https:\/\/theteahousestore.com\/index.php\/wp-json\/wp\/v2\/product_tag?post=597"}],"curies":[{"name":"wp","href":"https:\/\/api.w.org\/{rel}","templated":true}]}}