{"id":595,"date":"2023-07-24T13:35:52","date_gmt":"2023-07-24T11:35:52","guid":{"rendered":"https:\/\/theteahousestore.com\/?post_type=product&#038;p=595"},"modified":"2023-10-06T19:29:49","modified_gmt":"2023-10-06T17:29:49","slug":"te-verde-50g-serie-de-los-cinco-tes-mas-famosos-de-china","status":"publish","type":"product","link":"https:\/\/theteahousestore.com\/index.php\/product\/te-verde-50g-serie-de-los-cinco-tes-mas-famosos-de-china\/","title":{"rendered":"T\u00c9 VERDE 50G SERIE DE LOS CINCO T\u00c9S M\u00c1S FAMOSOS DE CHINA \u9ad8\u7ea7\u7eff\u8336 50g \u4e94\u5927\u8317\u8336\u7cfb\u5217"},"content":{"rendered":"<p>Es una gama cuidadosamente seleccionada de t\u00e9s verdes de alta calidad, cada uno de los cuales se elabora con ingredientes de t\u00e9 verde de primera calidad y se envasa en un bote de hierro respetuoso con el medio ambiente para garantizar la frescura y el aroma del t\u00e9. Esta serie de t\u00e9 verde de primera calidad procede de varias zonas de producci\u00f3n famosas de China.<\/p>\n","protected":false},"excerpt":{"rendered":"<p>Es una gama cuidadosamente seleccionada de t\u00e9s verdes de alta calidad, cada uno de los cuales se elabora con ingredientes de t\u00e9 verde de primera calidad y se envasa en un bote de hierro respetuoso con el medio ambiente para garantizar la frescura y el aroma del t\u00e9. Esta serie de t\u00e9 verde de primera calidad procede de varias zonas de producci\u00f3n famosas de China.<\/p>\n","protected":false},"featured_media":596,"comment_status":"open","ping_status":"closed","template":"","meta":[],"product_brand":[],"product_cat":[34,37],"product_tag":[23,25,28],"class_list":{"0":"post-595","1":"product","2":"type-product","3":"status-publish","4":"has-post-thumbnail","6":"product_cat-te","7":"product_cat-te-verde","8":"product_tag-te","9":"product_tag-te-chino","10":"product_tag-te-verde","12":"first","13":"instock","14":"shipping-taxable","15":"purchasable","16":"product-type-simple"},"jetpack_sharing_enabled":true,"_links":{"self":[{"href":"https:\/\/theteahousestore.com\/index.php\/wp-json\/wp\/v2\/product\/595","targetHints":{"allow":["GET"]}}],"collection":[{"href":"https:\/\/theteahousestore.com\/index.php\/wp-json\/wp\/v2\/product"}],"about":[{"href":"https:\/\/theteahousestore.com\/index.php\/wp-json\/wp\/v2\/types\/product"}],"replies":[{"embeddable":true,"href":"https:\/\/theteahousestore.com\/index.php\/wp-json\/wp\/v2\/comments?post=595"}],"wp:featuredmedia":[{"embeddable":true,"href":"https:\/\/theteahousestore.com\/index.php\/wp-json\/wp\/v2\/media\/596"}],"wp:attachment":[{"href":"https:\/\/theteahousestore.com\/index.php\/wp-json\/wp\/v2\/media?parent=595"}],"wp:term":[{"taxonomy":"product_brand","embeddable":true,"href":"https:\/\/theteahousestore.com\/index.php\/wp-json\/wp\/v2\/product_brand?post=595"},{"taxonomy":"product_cat","embeddable":true,"href":"https:\/\/theteahousestore.com\/index.php\/wp-json\/wp\/v2\/product_cat?post=595"},{"taxonomy":"product_tag","embeddable":true,"href":"https:\/\/theteahousestore.com\/index.php\/wp-json\/wp\/v2\/product_tag?post=595"}],"curies":[{"name":"wp","href":"https:\/\/api.w.org\/{rel}","templated":true}]}}