{"id":593,"date":"2023-07-24T13:30:58","date_gmt":"2023-07-24T11:30:58","guid":{"rendered":"https:\/\/theteahousestore.com\/?post_type=product&#038;p=593"},"modified":"2023-07-24T16:16:49","modified_gmt":"2023-07-24T14:16:49","slug":"te-verde-longjing-de-hangzhou-50g","status":"publish","type":"product","link":"https:\/\/theteahousestore.com\/index.php\/product\/te-verde-longjing-de-hangzhou-50g\/","title":{"rendered":"T\u00c9 VERDE LONGJING DE HANGZHOU 50G \u676d\u5dde\u9f99\u4e9550G"},"content":{"rendered":"<p>Es un producto de t\u00e9 verde port\u00e1til y f\u00e1cil de guardar. Este formato de envase proporciona frescura y portabilidad al t\u00e9 en una pr\u00e1ctica bolsa, adecuada para el uso diario y la degustaci\u00f3n de t\u00e9 en cualquier momento.<\/p>\n","protected":false},"excerpt":{"rendered":"<p>Es un producto de t\u00e9 verde port\u00e1til y f\u00e1cil de guardar. Este formato de envase proporciona frescura y portabilidad al t\u00e9 en una pr\u00e1ctica bolsa, adecuada para el uso diario y la degustaci\u00f3n de t\u00e9 en cualquier momento.<\/p>\n","protected":false},"featured_media":594,"comment_status":"open","ping_status":"closed","template":"","meta":[],"product_brand":[],"product_cat":[34,37],"product_tag":[23,25,28],"class_list":{"0":"post-593","1":"product","2":"type-product","3":"status-publish","4":"has-post-thumbnail","6":"product_cat-te","7":"product_cat-te-verde","8":"product_tag-te","9":"product_tag-te-chino","10":"product_tag-te-verde","12":"first","13":"instock","14":"shipping-taxable","15":"purchasable","16":"product-type-simple"},"jetpack_sharing_enabled":true,"_links":{"self":[{"href":"https:\/\/theteahousestore.com\/index.php\/wp-json\/wp\/v2\/product\/593","targetHints":{"allow":["GET"]}}],"collection":[{"href":"https:\/\/theteahousestore.com\/index.php\/wp-json\/wp\/v2\/product"}],"about":[{"href":"https:\/\/theteahousestore.com\/index.php\/wp-json\/wp\/v2\/types\/product"}],"replies":[{"embeddable":true,"href":"https:\/\/theteahousestore.com\/index.php\/wp-json\/wp\/v2\/comments?post=593"}],"wp:featuredmedia":[{"embeddable":true,"href":"https:\/\/theteahousestore.com\/index.php\/wp-json\/wp\/v2\/media\/594"}],"wp:attachment":[{"href":"https:\/\/theteahousestore.com\/index.php\/wp-json\/wp\/v2\/media?parent=593"}],"wp:term":[{"taxonomy":"product_brand","embeddable":true,"href":"https:\/\/theteahousestore.com\/index.php\/wp-json\/wp\/v2\/product_brand?post=593"},{"taxonomy":"product_cat","embeddable":true,"href":"https:\/\/theteahousestore.com\/index.php\/wp-json\/wp\/v2\/product_cat?post=593"},{"taxonomy":"product_tag","embeddable":true,"href":"https:\/\/theteahousestore.com\/index.php\/wp-json\/wp\/v2\/product_tag?post=593"}],"curies":[{"name":"wp","href":"https:\/\/api.w.org\/{rel}","templated":true}]}}