{"id":588,"date":"2023-07-24T11:35:46","date_gmt":"2023-07-24T09:35:46","guid":{"rendered":"https:\/\/theteahousestore.com\/?post_type=product&#038;p=588"},"modified":"2023-07-24T11:35:46","modified_gmt":"2023-07-24T09:35:46","slug":"te-verde-longjing-en-lata-de-papel-50g","status":"publish","type":"product","link":"https:\/\/theteahousestore.com\/index.php\/product\/te-verde-longjing-en-lata-de-papel-50g\/","title":{"rendered":"T\u00c9 VERDE LONGJING EN LATA DE PAPEL 50G \u7eb8\u7f50\u9f99\u4e9550G"},"content":{"rendered":"<p>Es un famoso t\u00e9 verde chino producido en el pueblo de Longjing, en Hangzhou, provincia de Zhejiang, tambi\u00e9n conocido como Longjing del Lago del Oeste. Es uno de los diez t\u00e9s m\u00e1s famosos de China y es famoso por su bella forma, su color verde esmeralda y su aroma y sabor frescos y \u00fanicos.<\/p>\n","protected":false},"excerpt":{"rendered":"<p>Es un famoso t\u00e9 verde chino producido en el pueblo de Longjing, en Hangzhou, provincia de Zhejiang, tambi\u00e9n conocido como Longjing del Lago del Oeste. Es uno de los diez t\u00e9s m\u00e1s famosos de China y es famoso por su bella forma, su color verde esmeralda y su aroma y sabor frescos y \u00fanicos.<\/p>\n","protected":false},"featured_media":589,"comment_status":"open","ping_status":"closed","template":"","meta":[],"product_brand":[],"product_cat":[34,37],"product_tag":[23,25,28],"class_list":{"0":"post-588","1":"product","2":"type-product","3":"status-publish","4":"has-post-thumbnail","6":"product_cat-te","7":"product_cat-te-verde","8":"product_tag-te","9":"product_tag-te-chino","10":"product_tag-te-verde","12":"first","13":"instock","14":"shipping-taxable","15":"purchasable","16":"product-type-simple"},"jetpack_sharing_enabled":true,"_links":{"self":[{"href":"https:\/\/theteahousestore.com\/index.php\/wp-json\/wp\/v2\/product\/588","targetHints":{"allow":["GET"]}}],"collection":[{"href":"https:\/\/theteahousestore.com\/index.php\/wp-json\/wp\/v2\/product"}],"about":[{"href":"https:\/\/theteahousestore.com\/index.php\/wp-json\/wp\/v2\/types\/product"}],"replies":[{"embeddable":true,"href":"https:\/\/theteahousestore.com\/index.php\/wp-json\/wp\/v2\/comments?post=588"}],"wp:featuredmedia":[{"embeddable":true,"href":"https:\/\/theteahousestore.com\/index.php\/wp-json\/wp\/v2\/media\/589"}],"wp:attachment":[{"href":"https:\/\/theteahousestore.com\/index.php\/wp-json\/wp\/v2\/media?parent=588"}],"wp:term":[{"taxonomy":"product_brand","embeddable":true,"href":"https:\/\/theteahousestore.com\/index.php\/wp-json\/wp\/v2\/product_brand?post=588"},{"taxonomy":"product_cat","embeddable":true,"href":"https:\/\/theteahousestore.com\/index.php\/wp-json\/wp\/v2\/product_cat?post=588"},{"taxonomy":"product_tag","embeddable":true,"href":"https:\/\/theteahousestore.com\/index.php\/wp-json\/wp\/v2\/product_tag?post=588"}],"curies":[{"name":"wp","href":"https:\/\/api.w.org\/{rel}","templated":true}]}}