{"id":583,"date":"2023-07-24T10:47:44","date_gmt":"2023-07-24T08:47:44","guid":{"rendered":"https:\/\/theteahousestore.com\/?post_type=product&#038;p=583"},"modified":"2023-07-24T10:47:44","modified_gmt":"2023-07-24T08:47:44","slug":"te-negro-chino-en-lata-de-papel-20g","status":"publish","type":"product","link":"https:\/\/theteahousestore.com\/index.php\/product\/te-negro-chino-en-lata-de-papel-20g\/","title":{"rendered":"T\u00c9 NEGRO CHINO EN LATA DE PAPEL 20g \u4e2d\u56fd\u7ea2\u8336\u7eb8\u7f50 20g"},"content":{"rendered":"<p>El t\u00e9 negro es uno de los t\u00e9s m\u00e1s populares y consumidos del mundo. Es conocido por su color rojo intenso, su sabor con cuerpo y su aroma \u00fanico.<\/p>\n","protected":false},"excerpt":{"rendered":"<p>El t\u00e9 negro es uno de los t\u00e9s m\u00e1s populares y consumidos del mundo. Es conocido por su color rojo intenso, su sabor con cuerpo y su aroma \u00fanico.<\/p>\n","protected":false},"featured_media":584,"comment_status":"open","ping_status":"closed","template":"","meta":[],"product_brand":[],"product_cat":[34,35],"product_tag":[23,25,32],"class_list":{"0":"post-583","1":"product","2":"type-product","3":"status-publish","4":"has-post-thumbnail","6":"product_cat-te","7":"product_cat-te-negro","8":"product_tag-te","9":"product_tag-te-chino","10":"product_tag-te-negro","12":"first","13":"instock","14":"shipping-taxable","15":"purchasable","16":"product-type-simple"},"jetpack_sharing_enabled":true,"_links":{"self":[{"href":"https:\/\/theteahousestore.com\/index.php\/wp-json\/wp\/v2\/product\/583","targetHints":{"allow":["GET"]}}],"collection":[{"href":"https:\/\/theteahousestore.com\/index.php\/wp-json\/wp\/v2\/product"}],"about":[{"href":"https:\/\/theteahousestore.com\/index.php\/wp-json\/wp\/v2\/types\/product"}],"replies":[{"embeddable":true,"href":"https:\/\/theteahousestore.com\/index.php\/wp-json\/wp\/v2\/comments?post=583"}],"wp:featuredmedia":[{"embeddable":true,"href":"https:\/\/theteahousestore.com\/index.php\/wp-json\/wp\/v2\/media\/584"}],"wp:attachment":[{"href":"https:\/\/theteahousestore.com\/index.php\/wp-json\/wp\/v2\/media?parent=583"}],"wp:term":[{"taxonomy":"product_brand","embeddable":true,"href":"https:\/\/theteahousestore.com\/index.php\/wp-json\/wp\/v2\/product_brand?post=583"},{"taxonomy":"product_cat","embeddable":true,"href":"https:\/\/theteahousestore.com\/index.php\/wp-json\/wp\/v2\/product_cat?post=583"},{"taxonomy":"product_tag","embeddable":true,"href":"https:\/\/theteahousestore.com\/index.php\/wp-json\/wp\/v2\/product_tag?post=583"}],"curies":[{"name":"wp","href":"https:\/\/api.w.org\/{rel}","templated":true}]}}