{"id":579,"date":"2023-07-22T19:21:52","date_gmt":"2023-07-22T17:21:52","guid":{"rendered":"https:\/\/theteahousestore.com\/?post_type=product&#038;p=579"},"modified":"2023-07-25T17:34:56","modified_gmt":"2023-07-25T15:34:56","slug":"te-negro-en-bolsas-un-uso","status":"publish","type":"product","link":"https:\/\/theteahousestore.com\/index.php\/product\/te-negro-en-bolsas-un-uso\/","title":{"rendered":"T\u00c9 NEGRO EN BOLSAS  (UN USO) \u7ea2\u8336\u4e00\u676f\u88c5\u8336\u53f6"},"content":{"rendered":"<p>T\u00e9 a granel en bolsitas: calidad y comodidad. Alta calidad, f\u00e1cil de preparar y llevar. Disfruta del sabor original del t\u00e9 negro en la vida moderna.<\/p>\n","protected":false},"excerpt":{"rendered":"<p>T\u00e9 a granel en bolsitas: calidad y comodidad. Alta calidad, f\u00e1cil de preparar y llevar. Disfruta del sabor original del t\u00e9 negro en la vida moderna.<\/p>\n","protected":false},"featured_media":580,"comment_status":"open","ping_status":"closed","template":"","meta":[],"product_brand":[],"product_cat":[34,35],"product_tag":[23,25,32],"class_list":{"0":"post-579","1":"product","2":"type-product","3":"status-publish","4":"has-post-thumbnail","6":"product_cat-te","7":"product_cat-te-negro","8":"product_tag-te","9":"product_tag-te-chino","10":"product_tag-te-negro","12":"first","13":"instock","14":"shipping-taxable","15":"purchasable","16":"product-type-simple"},"jetpack_sharing_enabled":true,"_links":{"self":[{"href":"https:\/\/theteahousestore.com\/index.php\/wp-json\/wp\/v2\/product\/579","targetHints":{"allow":["GET"]}}],"collection":[{"href":"https:\/\/theteahousestore.com\/index.php\/wp-json\/wp\/v2\/product"}],"about":[{"href":"https:\/\/theteahousestore.com\/index.php\/wp-json\/wp\/v2\/types\/product"}],"replies":[{"embeddable":true,"href":"https:\/\/theteahousestore.com\/index.php\/wp-json\/wp\/v2\/comments?post=579"}],"wp:featuredmedia":[{"embeddable":true,"href":"https:\/\/theteahousestore.com\/index.php\/wp-json\/wp\/v2\/media\/580"}],"wp:attachment":[{"href":"https:\/\/theteahousestore.com\/index.php\/wp-json\/wp\/v2\/media?parent=579"}],"wp:term":[{"taxonomy":"product_brand","embeddable":true,"href":"https:\/\/theteahousestore.com\/index.php\/wp-json\/wp\/v2\/product_brand?post=579"},{"taxonomy":"product_cat","embeddable":true,"href":"https:\/\/theteahousestore.com\/index.php\/wp-json\/wp\/v2\/product_cat?post=579"},{"taxonomy":"product_tag","embeddable":true,"href":"https:\/\/theteahousestore.com\/index.php\/wp-json\/wp\/v2\/product_tag?post=579"}],"curies":[{"name":"wp","href":"https:\/\/api.w.org\/{rel}","templated":true}]}}