{"id":568,"date":"2023-07-22T17:53:08","date_gmt":"2023-07-22T15:53:08","guid":{"rendered":"https:\/\/theteahousestore.com\/?post_type=product&#038;p=568"},"modified":"2025-01-24T08:02:17","modified_gmt":"2025-01-24T07:02:17","slug":"te-negro-top-50g","status":"publish","type":"product","link":"https:\/\/theteahousestore.com\/index.php\/product\/te-negro-top-50g\/","title":{"rendered":"T\u00c9 NEGRO TOP 50G \u9876\u7ea7\u7ea2\u8336"},"content":{"rendered":"<p>El Top T\u00e9 Negro de Wuyi, China, es aclamado por su proceso \u00fanico con brotes y hojas j\u00f3venes de alta calidad, marcando la diferencia en aroma, sabor y apariencia respecto a los t\u00e9s negros comunes.<\/p>\n","protected":false},"excerpt":{"rendered":"<p>El Top T\u00e9 Negro de Wuyi, China, es aclamado por su proceso \u00fanico con brotes y hojas j\u00f3venes de alta calidad, marcando la diferencia en aroma, sabor y apariencia respecto a los t\u00e9s negros comunes.<\/p>\n","protected":false},"featured_media":569,"comment_status":"open","ping_status":"closed","template":"","meta":[],"product_brand":[],"product_cat":[34,35],"product_tag":[23,25,32],"class_list":{"0":"post-568","1":"product","2":"type-product","3":"status-publish","4":"has-post-thumbnail","6":"product_cat-te","7":"product_cat-te-negro","8":"product_tag-te","9":"product_tag-te-chino","10":"product_tag-te-negro","12":"first","13":"instock","14":"shipping-taxable","15":"purchasable","16":"product-type-simple"},"jetpack_sharing_enabled":true,"_links":{"self":[{"href":"https:\/\/theteahousestore.com\/index.php\/wp-json\/wp\/v2\/product\/568","targetHints":{"allow":["GET"]}}],"collection":[{"href":"https:\/\/theteahousestore.com\/index.php\/wp-json\/wp\/v2\/product"}],"about":[{"href":"https:\/\/theteahousestore.com\/index.php\/wp-json\/wp\/v2\/types\/product"}],"replies":[{"embeddable":true,"href":"https:\/\/theteahousestore.com\/index.php\/wp-json\/wp\/v2\/comments?post=568"}],"wp:featuredmedia":[{"embeddable":true,"href":"https:\/\/theteahousestore.com\/index.php\/wp-json\/wp\/v2\/media\/569"}],"wp:attachment":[{"href":"https:\/\/theteahousestore.com\/index.php\/wp-json\/wp\/v2\/media?parent=568"}],"wp:term":[{"taxonomy":"product_brand","embeddable":true,"href":"https:\/\/theteahousestore.com\/index.php\/wp-json\/wp\/v2\/product_brand?post=568"},{"taxonomy":"product_cat","embeddable":true,"href":"https:\/\/theteahousestore.com\/index.php\/wp-json\/wp\/v2\/product_cat?post=568"},{"taxonomy":"product_tag","embeddable":true,"href":"https:\/\/theteahousestore.com\/index.php\/wp-json\/wp\/v2\/product_tag?post=568"}],"curies":[{"name":"wp","href":"https:\/\/api.w.org\/{rel}","templated":true}]}}