{"id":562,"date":"2023-07-22T13:27:56","date_gmt":"2023-07-22T11:27:56","guid":{"rendered":"https:\/\/theteahousestore.com\/?post_type=product&#038;p=562"},"modified":"2023-07-25T17:12:28","modified_gmt":"2023-07-25T15:12:28","slug":"pu-erh-te-cocido-50g","status":"publish","type":"product","link":"https:\/\/theteahousestore.com\/index.php\/product\/pu-erh-te-cocido-50g\/","title":{"rendered":"PU-ERH TE COCIDO 50G \u666e\u6d31\u719f"},"content":{"rendered":"<p>Ideal para viajar, en la oficina o para el ajetreado d\u00eda a d\u00eda, es una opci\u00f3n c\u00f3moda y sabrosa, r\u00e1pida y f\u00e1cil de saborear.<\/p>\n","protected":false},"excerpt":{"rendered":"<p>Ideal para viajar, en la oficina o para el ajetreado d\u00eda a d\u00eda, es una opci\u00f3n c\u00f3moda y sabrosa, r\u00e1pida y f\u00e1cil de saborear.<\/p>\n","protected":false},"featured_media":564,"comment_status":"open","ping_status":"closed","template":"","meta":[],"product_brand":[],"product_cat":[34,36],"product_tag":[26,27,23,25],"class_list":{"0":"post-562","1":"product","2":"type-product","3":"status-publish","4":"has-post-thumbnail","6":"product_cat-te","7":"product_cat-te-pu-erh","8":"product_tag-pu-erh","9":"product_tag-puer","10":"product_tag-te","11":"product_tag-te-chino","13":"first","14":"instock","15":"shipping-taxable","16":"purchasable","17":"product-type-simple"},"jetpack_sharing_enabled":true,"_links":{"self":[{"href":"https:\/\/theteahousestore.com\/index.php\/wp-json\/wp\/v2\/product\/562","targetHints":{"allow":["GET"]}}],"collection":[{"href":"https:\/\/theteahousestore.com\/index.php\/wp-json\/wp\/v2\/product"}],"about":[{"href":"https:\/\/theteahousestore.com\/index.php\/wp-json\/wp\/v2\/types\/product"}],"replies":[{"embeddable":true,"href":"https:\/\/theteahousestore.com\/index.php\/wp-json\/wp\/v2\/comments?post=562"}],"wp:featuredmedia":[{"embeddable":true,"href":"https:\/\/theteahousestore.com\/index.php\/wp-json\/wp\/v2\/media\/564"}],"wp:attachment":[{"href":"https:\/\/theteahousestore.com\/index.php\/wp-json\/wp\/v2\/media?parent=562"}],"wp:term":[{"taxonomy":"product_brand","embeddable":true,"href":"https:\/\/theteahousestore.com\/index.php\/wp-json\/wp\/v2\/product_brand?post=562"},{"taxonomy":"product_cat","embeddable":true,"href":"https:\/\/theteahousestore.com\/index.php\/wp-json\/wp\/v2\/product_cat?post=562"},{"taxonomy":"product_tag","embeddable":true,"href":"https:\/\/theteahousestore.com\/index.php\/wp-json\/wp\/v2\/product_tag?post=562"}],"curies":[{"name":"wp","href":"https:\/\/api.w.org\/{rel}","templated":true}]}}