{"id":560,"date":"2023-07-22T13:17:07","date_gmt":"2023-07-22T11:17:07","guid":{"rendered":"https:\/\/theteahousestore.com\/?post_type=product&#038;p=560"},"modified":"2023-07-25T17:35:18","modified_gmt":"2023-07-25T15:35:18","slug":"pu-erh-en-bolsas-un-uso","status":"publish","type":"product","link":"https:\/\/theteahousestore.com\/index.php\/product\/pu-erh-en-bolsas-un-uso\/","title":{"rendered":"PU-ERH EN BOLSAS (UN USO)\u666e\u6d31\u4e00\u676f\u88c5\u538b\u7f29\u8336\u53f6"},"content":{"rendered":"<p><span data-sanitized-data-mce-fragment=\"1\">un producto de t\u00e9 de puerh port\u00e1til\uff0cf\u00e1ciles de transportar y utilizar. Cada paquete peque\u00f1o suele contener una torta de t\u00e9 comprimida.<\/span><\/p>\n","protected":false},"excerpt":{"rendered":"<p>un producto de t\u00e9 de puerh port\u00e1til\uff0cf\u00e1ciles de transportar y utilizar. Cada paquete peque\u00f1o suele contener una torta de t\u00e9 comprimida.<\/p>\n","protected":false},"featured_media":561,"comment_status":"open","ping_status":"closed","template":"","meta":[],"product_brand":[],"product_cat":[34,36],"product_tag":[26,27,23,25],"class_list":{"0":"post-560","1":"product","2":"type-product","3":"status-publish","4":"has-post-thumbnail","6":"product_cat-te","7":"product_cat-te-pu-erh","8":"product_tag-pu-erh","9":"product_tag-puer","10":"product_tag-te","11":"product_tag-te-chino","13":"first","14":"instock","15":"shipping-taxable","16":"purchasable","17":"product-type-simple"},"jetpack_sharing_enabled":true,"_links":{"self":[{"href":"https:\/\/theteahousestore.com\/index.php\/wp-json\/wp\/v2\/product\/560","targetHints":{"allow":["GET"]}}],"collection":[{"href":"https:\/\/theteahousestore.com\/index.php\/wp-json\/wp\/v2\/product"}],"about":[{"href":"https:\/\/theteahousestore.com\/index.php\/wp-json\/wp\/v2\/types\/product"}],"replies":[{"embeddable":true,"href":"https:\/\/theteahousestore.com\/index.php\/wp-json\/wp\/v2\/comments?post=560"}],"wp:featuredmedia":[{"embeddable":true,"href":"https:\/\/theteahousestore.com\/index.php\/wp-json\/wp\/v2\/media\/561"}],"wp:attachment":[{"href":"https:\/\/theteahousestore.com\/index.php\/wp-json\/wp\/v2\/media?parent=560"}],"wp:term":[{"taxonomy":"product_brand","embeddable":true,"href":"https:\/\/theteahousestore.com\/index.php\/wp-json\/wp\/v2\/product_brand?post=560"},{"taxonomy":"product_cat","embeddable":true,"href":"https:\/\/theteahousestore.com\/index.php\/wp-json\/wp\/v2\/product_cat?post=560"},{"taxonomy":"product_tag","embeddable":true,"href":"https:\/\/theteahousestore.com\/index.php\/wp-json\/wp\/v2\/product_tag?post=560"}],"curies":[{"name":"wp","href":"https:\/\/api.w.org\/{rel}","templated":true}]}}