{"id":558,"date":"2023-07-22T13:07:58","date_gmt":"2023-07-22T11:07:58","guid":{"rendered":"https:\/\/theteahousestore.com\/?post_type=product&#038;p=558"},"modified":"2023-07-22T18:30:11","modified_gmt":"2023-07-22T16:30:11","slug":"pu-erh-qihuang-te-negro-80g","status":"publish","type":"product","link":"https:\/\/theteahousestore.com\/index.php\/product\/pu-erh-qihuang-te-negro-80g\/","title":{"rendered":"PU-ERH QIHUANG T\u00c9 NEGRO 80G \u5947\u7687\u96c4\u7acb\u666e\u6d31\u8336\u719f\u8336 80G"},"content":{"rendered":"<p>Pr\u00e1ctico y atractivo, buena elecci\u00f3n para preservar la calidad del t\u00e9 Pu-erh.<\/p>\n","protected":false},"excerpt":{"rendered":"<p>Pr\u00e1ctico y atractivo, buena elecci\u00f3n para preservar la calidad del t\u00e9 Pu-erh.<\/p>\n","protected":false},"featured_media":565,"comment_status":"open","ping_status":"closed","template":"","meta":[],"product_brand":[],"product_cat":[34,36],"product_tag":[26,27,23,25],"class_list":{"0":"post-558","1":"product","2":"type-product","3":"status-publish","4":"has-post-thumbnail","6":"product_cat-te","7":"product_cat-te-pu-erh","8":"product_tag-pu-erh","9":"product_tag-puer","10":"product_tag-te","11":"product_tag-te-chino","13":"first","14":"instock","15":"shipping-taxable","16":"purchasable","17":"product-type-simple"},"jetpack_sharing_enabled":true,"_links":{"self":[{"href":"https:\/\/theteahousestore.com\/index.php\/wp-json\/wp\/v2\/product\/558","targetHints":{"allow":["GET"]}}],"collection":[{"href":"https:\/\/theteahousestore.com\/index.php\/wp-json\/wp\/v2\/product"}],"about":[{"href":"https:\/\/theteahousestore.com\/index.php\/wp-json\/wp\/v2\/types\/product"}],"replies":[{"embeddable":true,"href":"https:\/\/theteahousestore.com\/index.php\/wp-json\/wp\/v2\/comments?post=558"}],"wp:featuredmedia":[{"embeddable":true,"href":"https:\/\/theteahousestore.com\/index.php\/wp-json\/wp\/v2\/media\/565"}],"wp:attachment":[{"href":"https:\/\/theteahousestore.com\/index.php\/wp-json\/wp\/v2\/media?parent=558"}],"wp:term":[{"taxonomy":"product_brand","embeddable":true,"href":"https:\/\/theteahousestore.com\/index.php\/wp-json\/wp\/v2\/product_brand?post=558"},{"taxonomy":"product_cat","embeddable":true,"href":"https:\/\/theteahousestore.com\/index.php\/wp-json\/wp\/v2\/product_cat?post=558"},{"taxonomy":"product_tag","embeddable":true,"href":"https:\/\/theteahousestore.com\/index.php\/wp-json\/wp\/v2\/product_tag?post=558"}],"curies":[{"name":"wp","href":"https:\/\/api.w.org\/{rel}","templated":true}]}}