{"id":556,"date":"2023-07-22T13:00:37","date_gmt":"2023-07-22T11:00:37","guid":{"rendered":"https:\/\/theteahousestore.com\/?post_type=product&#038;p=556"},"modified":"2023-08-05T10:41:43","modified_gmt":"2023-08-05T08:41:43","slug":"pu-erh-50g-serie-de-los-cinco-tes-mas-famosos-de-china","status":"publish","type":"product","link":"https:\/\/theteahousestore.com\/index.php\/product\/pu-erh-50g-serie-de-los-cinco-tes-mas-famosos-de-china\/","title":{"rendered":"PU-ERH 50G SERIE DE LOS CINCO T\u00c9S M\u00c1S FAMOSOS DE CHINA \u666e\u6d31 50g \u4e94\u5927\u8317\u8336\u7cfb\u5217"},"content":{"rendered":"<p>Pr\u00e1ctico y atractivo, es una buena elecci\u00f3n para preservar la calidad del t\u00e9 Pu-erh y al mismo tiempo mostrar el encanto de la cultura tradicional. Si te gusta el t\u00e9 Pu-erh, vale la pena probar el t\u00e9 Pu-erh enlatado en latas de hierro, permitiendo que el sabor de tu t\u00e9 se vuelva a\u00fan m\u00e1s rico con el tiempo.<\/p>\n","protected":false},"excerpt":{"rendered":"<p>Pr\u00e1ctico y atractivo, es una buena elecci\u00f3n para preservar la calidad del t\u00e9 Pu-erh y al mismo tiempo mostrar el encanto de la cultura tradicional. Si te gusta el t\u00e9 Pu-erh, vale la pena probar el t\u00e9 Pu-erh enlatado en latas de hierro, permitiendo que el sabor de tu t\u00e9 se vuelva a\u00fan m\u00e1s rico con el tiempo.<\/p>\n","protected":false},"featured_media":566,"comment_status":"open","ping_status":"closed","template":"","meta":[],"product_brand":[],"product_cat":[34,36],"product_tag":[26,27,23,25],"class_list":{"0":"post-556","1":"product","2":"type-product","3":"status-publish","4":"has-post-thumbnail","6":"product_cat-te","7":"product_cat-te-pu-erh","8":"product_tag-pu-erh","9":"product_tag-puer","10":"product_tag-te","11":"product_tag-te-chino","13":"first","14":"instock","15":"shipping-taxable","16":"purchasable","17":"product-type-simple"},"jetpack_sharing_enabled":true,"_links":{"self":[{"href":"https:\/\/theteahousestore.com\/index.php\/wp-json\/wp\/v2\/product\/556","targetHints":{"allow":["GET"]}}],"collection":[{"href":"https:\/\/theteahousestore.com\/index.php\/wp-json\/wp\/v2\/product"}],"about":[{"href":"https:\/\/theteahousestore.com\/index.php\/wp-json\/wp\/v2\/types\/product"}],"replies":[{"embeddable":true,"href":"https:\/\/theteahousestore.com\/index.php\/wp-json\/wp\/v2\/comments?post=556"}],"wp:featuredmedia":[{"embeddable":true,"href":"https:\/\/theteahousestore.com\/index.php\/wp-json\/wp\/v2\/media\/566"}],"wp:attachment":[{"href":"https:\/\/theteahousestore.com\/index.php\/wp-json\/wp\/v2\/media?parent=556"}],"wp:term":[{"taxonomy":"product_brand","embeddable":true,"href":"https:\/\/theteahousestore.com\/index.php\/wp-json\/wp\/v2\/product_brand?post=556"},{"taxonomy":"product_cat","embeddable":true,"href":"https:\/\/theteahousestore.com\/index.php\/wp-json\/wp\/v2\/product_cat?post=556"},{"taxonomy":"product_tag","embeddable":true,"href":"https:\/\/theteahousestore.com\/index.php\/wp-json\/wp\/v2\/product_tag?post=556"}],"curies":[{"name":"wp","href":"https:\/\/api.w.org\/{rel}","templated":true}]}}