{"id":544,"date":"2023-07-22T11:46:32","date_gmt":"2023-07-22T09:46:32","guid":{"rendered":"https:\/\/theteahousestore.com\/?post_type=product&#038;p=544"},"modified":"2023-07-25T17:16:15","modified_gmt":"2023-07-25T15:16:15","slug":"disco-de-te-pu-erh-blanco-cocido","status":"publish","type":"product","link":"https:\/\/theteahousestore.com\/index.php\/product\/disco-de-te-pu-erh-blanco-cocido\/","title":{"rendered":"DISCO DE T\u00c9 PU-ERH BLANCO COCIDO \u767d\u8336\u666e\u6d31"},"content":{"rendered":"<p>Tipo de producci\u00f3n de t\u00e9 prensado. Pu-Erh Blanco: producido con materia prima del t\u00e9 Pu-erh, elaborado mediante el proceso del t\u00e9 blanco.<\/p>\n","protected":false},"excerpt":{"rendered":"<p>Tipo de producci\u00f3n de t\u00e9 prensado. Pu-Erh Blanco: producido con materia prima del t\u00e9 Pu-erh, elaborado mediante el proceso del t\u00e9 blanco.<\/p>\n","protected":false},"featured_media":547,"comment_status":"open","ping_status":"closed","template":"","meta":[],"product_brand":[],"product_cat":[33,34,39,36],"product_tag":[22,26,27,23,24,25],"class_list":{"0":"post-544","1":"product","2":"type-product","3":"status-publish","4":"has-post-thumbnail","6":"product_cat-disco-de-te","7":"product_cat-te","8":"product_cat-te-blanco","9":"product_cat-te-pu-erh","10":"product_tag-disco-de-te","11":"product_tag-pu-erh","12":"product_tag-puer","13":"product_tag-te","14":"product_tag-te-blanco","15":"product_tag-te-chino","17":"first","18":"instock","19":"shipping-taxable","20":"purchasable","21":"product-type-simple"},"jetpack_sharing_enabled":true,"_links":{"self":[{"href":"https:\/\/theteahousestore.com\/index.php\/wp-json\/wp\/v2\/product\/544","targetHints":{"allow":["GET"]}}],"collection":[{"href":"https:\/\/theteahousestore.com\/index.php\/wp-json\/wp\/v2\/product"}],"about":[{"href":"https:\/\/theteahousestore.com\/index.php\/wp-json\/wp\/v2\/types\/product"}],"replies":[{"embeddable":true,"href":"https:\/\/theteahousestore.com\/index.php\/wp-json\/wp\/v2\/comments?post=544"}],"wp:featuredmedia":[{"embeddable":true,"href":"https:\/\/theteahousestore.com\/index.php\/wp-json\/wp\/v2\/media\/547"}],"wp:attachment":[{"href":"https:\/\/theteahousestore.com\/index.php\/wp-json\/wp\/v2\/media?parent=544"}],"wp:term":[{"taxonomy":"product_brand","embeddable":true,"href":"https:\/\/theteahousestore.com\/index.php\/wp-json\/wp\/v2\/product_brand?post=544"},{"taxonomy":"product_cat","embeddable":true,"href":"https:\/\/theteahousestore.com\/index.php\/wp-json\/wp\/v2\/product_cat?post=544"},{"taxonomy":"product_tag","embeddable":true,"href":"https:\/\/theteahousestore.com\/index.php\/wp-json\/wp\/v2\/product_tag?post=544"}],"curies":[{"name":"wp","href":"https:\/\/api.w.org\/{rel}","templated":true}]}}