{"id":541,"date":"2023-07-22T11:33:46","date_gmt":"2023-07-22T09:33:46","guid":{"rendered":"https:\/\/theteahousestore.com\/?post_type=product&#038;p=541"},"modified":"2023-07-25T17:20:08","modified_gmt":"2023-07-25T15:20:08","slug":"disco-de-te-blanco-cocido","status":"publish","type":"product","link":"https:\/\/theteahousestore.com\/index.php\/product\/disco-de-te-blanco-cocido\/","title":{"rendered":"DISCO DE T\u00c9 BLANCO COCIDO \u767d\u8336\u719f\u8336"},"content":{"rendered":"<p>Tipo de producci\u00f3n de t\u00e9 prensado.Las ventajas del t\u00e9 blanco de sabor dulce y ligero.Alivia el alcohol y la sobriedad, despejando el calor y humedeciendo los pulmones, calmando el h\u00edgado y beneficiando la sangre, antiinflamatorio y desintoxicante, bajando la presi\u00f3n sangu\u00ednea y reduciendo la grasa, eliminando la fatiga.<\/p>\n","protected":false},"excerpt":{"rendered":"<p>Tipo de producci\u00f3n de t\u00e9 prensado.Las ventajas del t\u00e9 blanco de sabor dulce y ligero.Alivia el alcohol y la sobriedad, despejando el calor y humedeciendo los pulmones, calmando el h\u00edgado y beneficiando la sangre, antiinflamatorio y desintoxicante, bajando la presi\u00f3n sangu\u00ednea y reduciendo la grasa, eliminando la fatiga.<\/p>\n","protected":false},"featured_media":552,"comment_status":"open","ping_status":"closed","template":"","meta":[],"product_brand":[],"product_cat":[33,34,39],"product_tag":[22,23,24,25],"class_list":{"0":"post-541","1":"product","2":"type-product","3":"status-publish","4":"has-post-thumbnail","6":"product_cat-disco-de-te","7":"product_cat-te","8":"product_cat-te-blanco","9":"product_tag-disco-de-te","10":"product_tag-te","11":"product_tag-te-blanco","12":"product_tag-te-chino","14":"first","15":"instock","16":"shipping-taxable","17":"purchasable","18":"product-type-simple"},"jetpack_sharing_enabled":true,"_links":{"self":[{"href":"https:\/\/theteahousestore.com\/index.php\/wp-json\/wp\/v2\/product\/541","targetHints":{"allow":["GET"]}}],"collection":[{"href":"https:\/\/theteahousestore.com\/index.php\/wp-json\/wp\/v2\/product"}],"about":[{"href":"https:\/\/theteahousestore.com\/index.php\/wp-json\/wp\/v2\/types\/product"}],"replies":[{"embeddable":true,"href":"https:\/\/theteahousestore.com\/index.php\/wp-json\/wp\/v2\/comments?post=541"}],"wp:featuredmedia":[{"embeddable":true,"href":"https:\/\/theteahousestore.com\/index.php\/wp-json\/wp\/v2\/media\/552"}],"wp:attachment":[{"href":"https:\/\/theteahousestore.com\/index.php\/wp-json\/wp\/v2\/media?parent=541"}],"wp:term":[{"taxonomy":"product_brand","embeddable":true,"href":"https:\/\/theteahousestore.com\/index.php\/wp-json\/wp\/v2\/product_brand?post=541"},{"taxonomy":"product_cat","embeddable":true,"href":"https:\/\/theteahousestore.com\/index.php\/wp-json\/wp\/v2\/product_cat?post=541"},{"taxonomy":"product_tag","embeddable":true,"href":"https:\/\/theteahousestore.com\/index.php\/wp-json\/wp\/v2\/product_tag?post=541"}],"curies":[{"name":"wp","href":"https:\/\/api.w.org\/{rel}","templated":true}]}}