{"id":538,"date":"2023-07-22T11:13:47","date_gmt":"2023-07-22T09:13:47","guid":{"rendered":"https:\/\/theteahousestore.com\/?post_type=product&#038;p=538"},"modified":"2025-12-12T11:57:26","modified_gmt":"2025-12-12T10:57:26","slug":"disco-de-te-pu-erh-banzhan-crudo","status":"publish","type":"product","link":"https:\/\/theteahousestore.com\/index.php\/product\/disco-de-te-pu-erh-banzhan-crudo\/","title":{"rendered":"DISCO DE T\u00c9 PU-ERH BANZHAN CRUDO \u8001\u73ed\u7ae0\u666e\u6d31\u751f\u8336"},"content":{"rendered":"<p>Tipo de producci\u00f3n de t\u00e9 prensado. Elaborado con t\u00e9 producido en la famosa zona productora de t\u00e9 del condado de Banzhan.\u00a0Tiene un sabor fuerte.<\/p>\n","protected":false},"excerpt":{"rendered":"<p>Tipo de producci\u00f3n de t\u00e9 prensado. Elaborado con t\u00e9 producido en la famosa zona productora de t\u00e9 del condado de Banzhan.\u00a0Tiene un sabor fuerte.<\/p>\n","protected":false},"featured_media":546,"comment_status":"open","ping_status":"closed","template":"","meta":[],"product_brand":[],"product_cat":[33,34,36],"product_tag":[22,26,27,23,25],"class_list":{"0":"post-538","1":"product","2":"type-product","3":"status-publish","4":"has-post-thumbnail","6":"product_cat-disco-de-te","7":"product_cat-te","8":"product_cat-te-pu-erh","9":"product_tag-disco-de-te","10":"product_tag-pu-erh","11":"product_tag-puer","12":"product_tag-te","13":"product_tag-te-chino","15":"first","16":"instock","17":"shipping-taxable","18":"purchasable","19":"product-type-simple"},"jetpack_sharing_enabled":true,"_links":{"self":[{"href":"https:\/\/theteahousestore.com\/index.php\/wp-json\/wp\/v2\/product\/538","targetHints":{"allow":["GET"]}}],"collection":[{"href":"https:\/\/theteahousestore.com\/index.php\/wp-json\/wp\/v2\/product"}],"about":[{"href":"https:\/\/theteahousestore.com\/index.php\/wp-json\/wp\/v2\/types\/product"}],"replies":[{"embeddable":true,"href":"https:\/\/theteahousestore.com\/index.php\/wp-json\/wp\/v2\/comments?post=538"}],"wp:featuredmedia":[{"embeddable":true,"href":"https:\/\/theteahousestore.com\/index.php\/wp-json\/wp\/v2\/media\/546"}],"wp:attachment":[{"href":"https:\/\/theteahousestore.com\/index.php\/wp-json\/wp\/v2\/media?parent=538"}],"wp:term":[{"taxonomy":"product_brand","embeddable":true,"href":"https:\/\/theteahousestore.com\/index.php\/wp-json\/wp\/v2\/product_brand?post=538"},{"taxonomy":"product_cat","embeddable":true,"href":"https:\/\/theteahousestore.com\/index.php\/wp-json\/wp\/v2\/product_cat?post=538"},{"taxonomy":"product_tag","embeddable":true,"href":"https:\/\/theteahousestore.com\/index.php\/wp-json\/wp\/v2\/product_tag?post=538"}],"curies":[{"name":"wp","href":"https:\/\/api.w.org\/{rel}","templated":true}]}}