{"id":1559,"date":"2023-11-24T12:42:02","date_gmt":"2023-11-24T11:42:02","guid":{"rendered":"https:\/\/theteahousestore.com\/?post_type=product&#038;p=1559"},"modified":"2023-11-29T22:40:48","modified_gmt":"2023-11-29T21:40:48","slug":"te-floral-dragon-ball","status":"publish","type":"product","link":"https:\/\/theteahousestore.com\/index.php\/product\/te-floral-dragon-ball\/","title":{"rendered":"T\u00e9 floral Dragon Ball\u9f99\u73e0\u82b1\u8336"},"content":{"rendered":"<p>El T\u00e9 Flor de Bola de Drag\u00f3n se elabora con hojas de t\u00e9 y flores secas comestibles, cuidadosamente cosidas a mano en las hojas de t\u00e9 para formar peque\u00f1as bolas. Combina la fragancia de las flores y la belleza del t\u00e9.<\/p>\n","protected":false},"excerpt":{"rendered":"<p>El T\u00e9 Flor de Bola de Drag\u00f3n se elabora con hojas de t\u00e9 y flores secas comestibles, cuidadosamente cosidas a mano en las hojas de t\u00e9 para formar peque\u00f1as bolas. Combina la fragancia de las flores y la belleza del t\u00e9.<\/p>\n","protected":false},"featured_media":1561,"comment_status":"open","ping_status":"closed","template":"","meta":[],"product_brand":[],"product_cat":[40],"product_tag":[30],"class_list":{"0":"post-1559","1":"product","2":"type-product","3":"status-publish","4":"has-post-thumbnail","6":"product_cat-te-perfumado","7":"product_tag-te-perfumado","9":"first","10":"instock","11":"shipping-taxable","12":"purchasable","13":"product-type-simple"},"jetpack_sharing_enabled":true,"_links":{"self":[{"href":"https:\/\/theteahousestore.com\/index.php\/wp-json\/wp\/v2\/product\/1559","targetHints":{"allow":["GET"]}}],"collection":[{"href":"https:\/\/theteahousestore.com\/index.php\/wp-json\/wp\/v2\/product"}],"about":[{"href":"https:\/\/theteahousestore.com\/index.php\/wp-json\/wp\/v2\/types\/product"}],"replies":[{"embeddable":true,"href":"https:\/\/theteahousestore.com\/index.php\/wp-json\/wp\/v2\/comments?post=1559"}],"wp:featuredmedia":[{"embeddable":true,"href":"https:\/\/theteahousestore.com\/index.php\/wp-json\/wp\/v2\/media\/1561"}],"wp:attachment":[{"href":"https:\/\/theteahousestore.com\/index.php\/wp-json\/wp\/v2\/media?parent=1559"}],"wp:term":[{"taxonomy":"product_brand","embeddable":true,"href":"https:\/\/theteahousestore.com\/index.php\/wp-json\/wp\/v2\/product_brand?post=1559"},{"taxonomy":"product_cat","embeddable":true,"href":"https:\/\/theteahousestore.com\/index.php\/wp-json\/wp\/v2\/product_cat?post=1559"},{"taxonomy":"product_tag","embeddable":true,"href":"https:\/\/theteahousestore.com\/index.php\/wp-json\/wp\/v2\/product_tag?post=1559"}],"curies":[{"name":"wp","href":"https:\/\/api.w.org\/{rel}","templated":true}]}}