{"id":1527,"date":"2023-08-31T10:54:20","date_gmt":"2023-08-31T08:54:20","guid":{"rendered":"https:\/\/theteahousestore.com\/?post_type=product&#038;p=1527"},"modified":"2023-08-31T11:03:32","modified_gmt":"2023-08-31T09:03:32","slug":"popping-boba-strawberry-490g","status":"publish","type":"product","link":"https:\/\/theteahousestore.com\/index.php\/product\/popping-boba-strawberry-490g\/","title":{"rendered":"POPPING BOBA STRAWBERRY 490G \u8349\u8393\u7206\u73e0"},"content":{"rendered":"<p>un innovador ingrediente alimentario dise\u00f1ado para a\u00f1adir diversi\u00f3n y textura a las bebidas. Al morder la delgada capa exterior, el jugo en el interior explota en la boca, brindando una experiencia sorprendente y variada.<\/p>\n","protected":false},"excerpt":{"rendered":"<p>un innovador ingrediente alimentario dise\u00f1ado para a\u00f1adir diversi\u00f3n y textura a las bebidas. Al morder la delgada capa exterior, el jugo en el interior explota en la boca, brindando una experiencia sorprendente y variada.<\/p>\n","protected":false},"featured_media":1532,"comment_status":"open","ping_status":"closed","template":"","meta":[],"product_brand":[],"product_cat":[58,59],"product_tag":[64,61],"class_list":{"0":"post-1527","1":"product","2":"type-product","3":"status-publish","4":"has-post-thumbnail","6":"product_cat-bubble-tea","7":"product_cat-materias-prima","8":"product_tag-boba","9":"product_tag-bubble-tea","11":"first","12":"instock","13":"shipping-taxable","14":"purchasable","15":"product-type-simple"},"jetpack_sharing_enabled":true,"_links":{"self":[{"href":"https:\/\/theteahousestore.com\/index.php\/wp-json\/wp\/v2\/product\/1527","targetHints":{"allow":["GET"]}}],"collection":[{"href":"https:\/\/theteahousestore.com\/index.php\/wp-json\/wp\/v2\/product"}],"about":[{"href":"https:\/\/theteahousestore.com\/index.php\/wp-json\/wp\/v2\/types\/product"}],"replies":[{"embeddable":true,"href":"https:\/\/theteahousestore.com\/index.php\/wp-json\/wp\/v2\/comments?post=1527"}],"wp:featuredmedia":[{"embeddable":true,"href":"https:\/\/theteahousestore.com\/index.php\/wp-json\/wp\/v2\/media\/1532"}],"wp:attachment":[{"href":"https:\/\/theteahousestore.com\/index.php\/wp-json\/wp\/v2\/media?parent=1527"}],"wp:term":[{"taxonomy":"product_brand","embeddable":true,"href":"https:\/\/theteahousestore.com\/index.php\/wp-json\/wp\/v2\/product_brand?post=1527"},{"taxonomy":"product_cat","embeddable":true,"href":"https:\/\/theteahousestore.com\/index.php\/wp-json\/wp\/v2\/product_cat?post=1527"},{"taxonomy":"product_tag","embeddable":true,"href":"https:\/\/theteahousestore.com\/index.php\/wp-json\/wp\/v2\/product_tag?post=1527"}],"curies":[{"name":"wp","href":"https:\/\/api.w.org\/{rel}","templated":true}]}}