{"id":1519,"date":"2023-08-09T17:40:36","date_gmt":"2023-08-09T15:40:36","guid":{"rendered":"https:\/\/theteahousestore.com\/?post_type=product&#038;p=1519"},"modified":"2023-08-09T17:40:36","modified_gmt":"2023-08-09T15:40:36","slug":"talla-de-madera-kirin","status":"publish","type":"product","link":"https:\/\/theteahousestore.com\/index.php\/product\/talla-de-madera-kirin\/","title":{"rendered":"TALLA DE MADERA KIRIN \u9e92\u9e9f\u6728\u96d5\u5c0f"},"content":{"rendered":"<p>es una impresionante obra de arte tallada en madera que representa un kirin, una criatura m\u00edtica de la mitolog\u00eda china. El kirin es un ser similar a una quimera, con caracter\u00edsticas de varios animales, como el cuerpo de un ciervo, las patas de un le\u00f3n, la cola de buey y una \u00fanica cornamenta en espiral. Es conocido por ser un s\u00edmbolo de buena fortuna, prosperidad, longevidad y benevolencia.<\/p>\n","protected":false},"excerpt":{"rendered":"<p>es una impresionante obra de arte tallada en madera que representa un kirin, una criatura m\u00edtica de la mitolog\u00eda china. El kirin es un ser similar a una quimera, con caracter\u00edsticas de varios animales, como el cuerpo de un ciervo, las patas de un le\u00f3n, la cola de buey y una \u00fanica cornamenta en espiral. Es conocido por ser un s\u00edmbolo de buena fortuna, prosperidad, longevidad y benevolencia.<\/p>\n","protected":false},"featured_media":1521,"comment_status":"open","ping_status":"closed","template":"","meta":[],"product_brand":[],"product_cat":[56],"product_tag":[57],"class_list":{"0":"post-1519","1":"product","2":"type-product","3":"status-publish","4":"has-post-thumbnail","6":"product_cat-adornos","7":"product_tag-adornos","9":"first","10":"instock","11":"shipping-taxable","12":"purchasable","13":"product-type-simple"},"jetpack_sharing_enabled":true,"_links":{"self":[{"href":"https:\/\/theteahousestore.com\/index.php\/wp-json\/wp\/v2\/product\/1519","targetHints":{"allow":["GET"]}}],"collection":[{"href":"https:\/\/theteahousestore.com\/index.php\/wp-json\/wp\/v2\/product"}],"about":[{"href":"https:\/\/theteahousestore.com\/index.php\/wp-json\/wp\/v2\/types\/product"}],"replies":[{"embeddable":true,"href":"https:\/\/theteahousestore.com\/index.php\/wp-json\/wp\/v2\/comments?post=1519"}],"wp:featuredmedia":[{"embeddable":true,"href":"https:\/\/theteahousestore.com\/index.php\/wp-json\/wp\/v2\/media\/1521"}],"wp:attachment":[{"href":"https:\/\/theteahousestore.com\/index.php\/wp-json\/wp\/v2\/media?parent=1519"}],"wp:term":[{"taxonomy":"product_brand","embeddable":true,"href":"https:\/\/theteahousestore.com\/index.php\/wp-json\/wp\/v2\/product_brand?post=1519"},{"taxonomy":"product_cat","embeddable":true,"href":"https:\/\/theteahousestore.com\/index.php\/wp-json\/wp\/v2\/product_cat?post=1519"},{"taxonomy":"product_tag","embeddable":true,"href":"https:\/\/theteahousestore.com\/index.php\/wp-json\/wp\/v2\/product_tag?post=1519"}],"curies":[{"name":"wp","href":"https:\/\/api.w.org\/{rel}","templated":true}]}}