{"id":1510,"date":"2023-08-07T17:34:21","date_gmt":"2023-08-07T15:34:21","guid":{"rendered":"https:\/\/theteahousestore.com\/?post_type=product&#038;p=1510"},"modified":"2023-08-07T17:34:21","modified_gmt":"2023-08-07T15:34:21","slug":"batidor-de-te-japonesa-bambu","status":"publish","type":"product","link":"https:\/\/theteahousestore.com\/index.php\/product\/batidor-de-te-japonesa-bambu\/","title":{"rendered":"BATIDOR DE T\u00c9 JAPONESA BAMBU \u65e5\u672c\u62b9\u8336\u5237\u7af9"},"content":{"rendered":"<p>Un batidor de t\u00e9 Matcha es una herramienta tradicional utilizada en la ceremonia del t\u00e9 japonesa para preparar y mezclar el t\u00e9 Matcha de manera adecuada. Este batidor en particular est\u00e1 hecho de bambu, un material duradero.<\/p>\n","protected":false},"excerpt":{"rendered":"<p>Un batidor de t\u00e9 Matcha es una herramienta tradicional utilizada en la ceremonia del t\u00e9 japonesa para preparar y mezclar el t\u00e9 Matcha de manera adecuada. Este batidor en particular est\u00e1 hecho de bambu, un material duradero.<\/p>\n","protected":false},"featured_media":1512,"comment_status":"open","ping_status":"closed","template":"","meta":[],"product_brand":[],"product_cat":[45,63],"product_tag":[53],"class_list":{"0":"post-1510","1":"product","2":"type-product","3":"status-publish","4":"has-post-thumbnail","6":"product_cat-ceremonia-de-te","7":"product_cat-utensilios-para-te","8":"product_tag-ceremonia-de-te","10":"first","11":"instock","12":"shipping-taxable","13":"purchasable","14":"product-type-simple"},"jetpack_sharing_enabled":true,"_links":{"self":[{"href":"https:\/\/theteahousestore.com\/index.php\/wp-json\/wp\/v2\/product\/1510","targetHints":{"allow":["GET"]}}],"collection":[{"href":"https:\/\/theteahousestore.com\/index.php\/wp-json\/wp\/v2\/product"}],"about":[{"href":"https:\/\/theteahousestore.com\/index.php\/wp-json\/wp\/v2\/types\/product"}],"replies":[{"embeddable":true,"href":"https:\/\/theteahousestore.com\/index.php\/wp-json\/wp\/v2\/comments?post=1510"}],"wp:featuredmedia":[{"embeddable":true,"href":"https:\/\/theteahousestore.com\/index.php\/wp-json\/wp\/v2\/media\/1512"}],"wp:attachment":[{"href":"https:\/\/theteahousestore.com\/index.php\/wp-json\/wp\/v2\/media?parent=1510"}],"wp:term":[{"taxonomy":"product_brand","embeddable":true,"href":"https:\/\/theteahousestore.com\/index.php\/wp-json\/wp\/v2\/product_brand?post=1510"},{"taxonomy":"product_cat","embeddable":true,"href":"https:\/\/theteahousestore.com\/index.php\/wp-json\/wp\/v2\/product_cat?post=1510"},{"taxonomy":"product_tag","embeddable":true,"href":"https:\/\/theteahousestore.com\/index.php\/wp-json\/wp\/v2\/product_tag?post=1510"}],"curies":[{"name":"wp","href":"https:\/\/api.w.org\/{rel}","templated":true}]}}