{"id":1509,"date":"2023-08-07T17:33:54","date_gmt":"2023-08-07T15:33:54","guid":{"rendered":"https:\/\/theteahousestore.com\/?post_type=product&#038;p=1509"},"modified":"2023-08-07T17:33:54","modified_gmt":"2023-08-07T15:33:54","slug":"batidor-de-te-matcha-japonesa-abs","status":"publish","type":"product","link":"https:\/\/theteahousestore.com\/index.php\/product\/batidor-de-te-matcha-japonesa-abs\/","title":{"rendered":"BATIDOR DE T\u00c9 MATCHA JAPONESA ABS \u65e5\u5f0fABS\u6811\u8102\u62b9\u8336\u5237"},"content":{"rendered":"<p>Un batidor de t\u00e9 Matcha es una herramienta tradicional utilizada en la ceremonia del t\u00e9 japonesa para preparar y mezclar el t\u00e9 Matcha de manera adecuada. Este batidor en particular est\u00e1 hecho de resina ABS, un material duradero y resistente.<\/p>\n<p>&nbsp;<\/p>\n","protected":false},"excerpt":{"rendered":"<p>Un batidor de t\u00e9 Matcha es una herramienta tradicional utilizada en la ceremonia del t\u00e9 japonesa para preparar y mezclar el t\u00e9 Matcha de manera adecuada. Este batidor en particular est\u00e1 hecho de resina ABS, un material duradero y resistente.<\/p>\n","protected":false},"featured_media":1514,"comment_status":"open","ping_status":"closed","template":"","meta":[],"product_brand":[],"product_cat":[45,63],"product_tag":[53],"class_list":{"0":"post-1509","1":"product","2":"type-product","3":"status-publish","4":"has-post-thumbnail","6":"product_cat-ceremonia-de-te","7":"product_cat-utensilios-para-te","8":"product_tag-ceremonia-de-te","10":"first","11":"instock","12":"shipping-taxable","13":"purchasable","14":"product-type-simple"},"jetpack_sharing_enabled":true,"_links":{"self":[{"href":"https:\/\/theteahousestore.com\/index.php\/wp-json\/wp\/v2\/product\/1509","targetHints":{"allow":["GET"]}}],"collection":[{"href":"https:\/\/theteahousestore.com\/index.php\/wp-json\/wp\/v2\/product"}],"about":[{"href":"https:\/\/theteahousestore.com\/index.php\/wp-json\/wp\/v2\/types\/product"}],"replies":[{"embeddable":true,"href":"https:\/\/theteahousestore.com\/index.php\/wp-json\/wp\/v2\/comments?post=1509"}],"wp:featuredmedia":[{"embeddable":true,"href":"https:\/\/theteahousestore.com\/index.php\/wp-json\/wp\/v2\/media\/1514"}],"wp:attachment":[{"href":"https:\/\/theteahousestore.com\/index.php\/wp-json\/wp\/v2\/media?parent=1509"}],"wp:term":[{"taxonomy":"product_brand","embeddable":true,"href":"https:\/\/theteahousestore.com\/index.php\/wp-json\/wp\/v2\/product_brand?post=1509"},{"taxonomy":"product_cat","embeddable":true,"href":"https:\/\/theteahousestore.com\/index.php\/wp-json\/wp\/v2\/product_cat?post=1509"},{"taxonomy":"product_tag","embeddable":true,"href":"https:\/\/theteahousestore.com\/index.php\/wp-json\/wp\/v2\/product_tag?post=1509"}],"curies":[{"name":"wp","href":"https:\/\/api.w.org\/{rel}","templated":true}]}}