{"id":1508,"date":"2023-08-07T17:18:03","date_gmt":"2023-08-07T15:18:03","guid":{"rendered":"https:\/\/theteahousestore.com\/?post_type=product&#038;p=1508"},"modified":"2023-12-04T19:37:06","modified_gmt":"2023-12-04T18:37:06","slug":"rooibos-freepack-20","status":"publish","type":"product","link":"https:\/\/theteahousestore.com\/index.php\/product\/rooibos-freepack-20\/","title":{"rendered":"ROOIBOS FREEPACK 20 \u8def\u6613\u535a\u58eb\u6df7\u5408\u8336"},"content":{"rendered":"<p>Contiene una alta cantidad de SOD (Super\u00f3xido Dismutasa), con una capacidad antioxidante 50 veces mayor que la del t\u00e9 verde. No contiene cafe\u00edna y es conocido como t\u00e9 para dormir, ya que ayuda en el proceso de conciliaci\u00f3n del sue\u00f1o.<\/p>\n","protected":false},"excerpt":{"rendered":"<p>Contiene una alta cantidad de SOD (Super\u00f3xido Dismutasa), con una capacidad antioxidante 50 veces mayor que la del t\u00e9 verde. No contiene cafe\u00edna y es conocido como t\u00e9 para dormir, ya que ayuda en el proceso de conciliaci\u00f3n del sue\u00f1o.<\/p>\n","protected":false},"featured_media":1511,"comment_status":"open","ping_status":"closed","template":"","meta":[],"product_brand":[],"product_cat":[34,41],"product_tag":[23,30],"class_list":{"0":"post-1508","1":"product","2":"type-product","3":"status-publish","4":"has-post-thumbnail","6":"product_cat-te","7":"product_cat-te-de-infusion","8":"product_tag-te","9":"product_tag-te-perfumado","11":"first","12":"instock","13":"shipping-taxable","14":"purchasable","15":"product-type-simple"},"jetpack_sharing_enabled":true,"_links":{"self":[{"href":"https:\/\/theteahousestore.com\/index.php\/wp-json\/wp\/v2\/product\/1508","targetHints":{"allow":["GET"]}}],"collection":[{"href":"https:\/\/theteahousestore.com\/index.php\/wp-json\/wp\/v2\/product"}],"about":[{"href":"https:\/\/theteahousestore.com\/index.php\/wp-json\/wp\/v2\/types\/product"}],"replies":[{"embeddable":true,"href":"https:\/\/theteahousestore.com\/index.php\/wp-json\/wp\/v2\/comments?post=1508"}],"wp:featuredmedia":[{"embeddable":true,"href":"https:\/\/theteahousestore.com\/index.php\/wp-json\/wp\/v2\/media\/1511"}],"wp:attachment":[{"href":"https:\/\/theteahousestore.com\/index.php\/wp-json\/wp\/v2\/media?parent=1508"}],"wp:term":[{"taxonomy":"product_brand","embeddable":true,"href":"https:\/\/theteahousestore.com\/index.php\/wp-json\/wp\/v2\/product_brand?post=1508"},{"taxonomy":"product_cat","embeddable":true,"href":"https:\/\/theteahousestore.com\/index.php\/wp-json\/wp\/v2\/product_cat?post=1508"},{"taxonomy":"product_tag","embeddable":true,"href":"https:\/\/theteahousestore.com\/index.php\/wp-json\/wp\/v2\/product_tag?post=1508"}],"curies":[{"name":"wp","href":"https:\/\/api.w.org\/{rel}","templated":true}]}}