{"id":1475,"date":"2023-08-07T12:55:28","date_gmt":"2023-08-07T10:55:28","guid":{"rendered":"https:\/\/theteahousestore.com\/?post_type=product&#038;p=1475"},"modified":"2023-08-07T13:09:31","modified_gmt":"2023-08-07T11:09:31","slug":"maquina-de-vapor-de-agua","status":"publish","type":"product","link":"https:\/\/theteahousestore.com\/index.php\/product\/maquina-de-vapor-de-agua\/","title":{"rendered":"M\u00c1QUINA DE VAPOR DE AGUA \u84b8\u6c7d\u5f00\u6c34\u673a \u5976\u8336\u5e97\u4e13\u7528"},"content":{"rendered":"<p>una m\u00e1quina dise\u00f1ada espec\u00edficamente para calentar y generar vapor de agua, especialmente para su uso en la preparaci\u00f3n de bebidas de t\u00e9 con leche y otras bebidas relacionadas.<\/p>\n","protected":false},"excerpt":{"rendered":"<p>una m\u00e1quina dise\u00f1ada espec\u00edficamente para calentar y generar vapor de agua, especialmente para su uso en la preparaci\u00f3n de bebidas de t\u00e9 con leche y otras bebidas relacionadas.<\/p>\n","protected":false},"featured_media":1476,"comment_status":"open","ping_status":"closed","template":"","meta":[],"product_brand":[],"product_cat":[58,60],"product_tag":[61],"class_list":{"0":"post-1475","1":"product","2":"type-product","3":"status-publish","4":"has-post-thumbnail","6":"product_cat-bubble-tea","7":"product_cat-utensilios-para-bubble-tea","8":"product_tag-bubble-tea","10":"first","11":"instock","12":"shipping-taxable","13":"purchasable","14":"product-type-simple"},"jetpack_sharing_enabled":true,"_links":{"self":[{"href":"https:\/\/theteahousestore.com\/index.php\/wp-json\/wp\/v2\/product\/1475","targetHints":{"allow":["GET"]}}],"collection":[{"href":"https:\/\/theteahousestore.com\/index.php\/wp-json\/wp\/v2\/product"}],"about":[{"href":"https:\/\/theteahousestore.com\/index.php\/wp-json\/wp\/v2\/types\/product"}],"replies":[{"embeddable":true,"href":"https:\/\/theteahousestore.com\/index.php\/wp-json\/wp\/v2\/comments?post=1475"}],"wp:featuredmedia":[{"embeddable":true,"href":"https:\/\/theteahousestore.com\/index.php\/wp-json\/wp\/v2\/media\/1476"}],"wp:attachment":[{"href":"https:\/\/theteahousestore.com\/index.php\/wp-json\/wp\/v2\/media?parent=1475"}],"wp:term":[{"taxonomy":"product_brand","embeddable":true,"href":"https:\/\/theteahousestore.com\/index.php\/wp-json\/wp\/v2\/product_brand?post=1475"},{"taxonomy":"product_cat","embeddable":true,"href":"https:\/\/theteahousestore.com\/index.php\/wp-json\/wp\/v2\/product_cat?post=1475"},{"taxonomy":"product_tag","embeddable":true,"href":"https:\/\/theteahousestore.com\/index.php\/wp-json\/wp\/v2\/product_tag?post=1475"}],"curies":[{"name":"wp","href":"https:\/\/api.w.org\/{rel}","templated":true}]}}