{"id":1459,"date":"2023-08-07T11:55:13","date_gmt":"2023-08-07T09:55:13","guid":{"rendered":"https:\/\/theteahousestore.com\/?post_type=product&#038;p=1459"},"modified":"2023-08-07T11:55:13","modified_gmt":"2023-08-07T09:55:13","slug":"portavasos-inclinado","status":"publish","type":"product","link":"https:\/\/theteahousestore.com\/index.php\/product\/portavasos-inclinado\/","title":{"rendered":"PORTAVASOS INCLINADO \u5976\u8336\u5e97\u4e13\u7528\u659c\u676f\u67b6"},"content":{"rendered":"<p>Este tipo de dise\u00f1o de soporte para vasos podr\u00eda ayudar a colocar los vasos en un \u00e1ngulo inclinado, facilitando que los clientes accedan m\u00e1s c\u00f3modamente a sus bebidas y evitando que los vasos se vuelquen. Esto podr\u00eda resultar muy pr\u00e1ctico en lugares como una tienda de t\u00e9 con leche u otras ubicaciones donde se requiere un acceso frecuente a las bebidas.<\/p>\n","protected":false},"excerpt":{"rendered":"<p>Este tipo de dise\u00f1o de soporte para vasos podr\u00eda ayudar a colocar los vasos en un \u00e1ngulo inclinado, facilitando que los clientes accedan m\u00e1s c\u00f3modamente a sus bebidas y evitando que los vasos se vuelquen. Esto podr\u00eda resultar muy pr\u00e1ctico en lugares como una tienda de t\u00e9 con leche u otras ubicaciones donde se requiere un acceso frecuente a las bebidas.<\/p>\n","protected":false},"featured_media":1460,"comment_status":"open","ping_status":"closed","template":"","meta":[],"product_brand":[],"product_cat":[58,60],"product_tag":[],"class_list":{"0":"post-1459","1":"product","2":"type-product","3":"status-publish","4":"has-post-thumbnail","6":"product_cat-bubble-tea","7":"product_cat-utensilios-para-bubble-tea","9":"first","10":"instock","11":"shipping-taxable","12":"purchasable","13":"product-type-simple"},"jetpack_sharing_enabled":true,"_links":{"self":[{"href":"https:\/\/theteahousestore.com\/index.php\/wp-json\/wp\/v2\/product\/1459","targetHints":{"allow":["GET"]}}],"collection":[{"href":"https:\/\/theteahousestore.com\/index.php\/wp-json\/wp\/v2\/product"}],"about":[{"href":"https:\/\/theteahousestore.com\/index.php\/wp-json\/wp\/v2\/types\/product"}],"replies":[{"embeddable":true,"href":"https:\/\/theteahousestore.com\/index.php\/wp-json\/wp\/v2\/comments?post=1459"}],"wp:featuredmedia":[{"embeddable":true,"href":"https:\/\/theteahousestore.com\/index.php\/wp-json\/wp\/v2\/media\/1460"}],"wp:attachment":[{"href":"https:\/\/theteahousestore.com\/index.php\/wp-json\/wp\/v2\/media?parent=1459"}],"wp:term":[{"taxonomy":"product_brand","embeddable":true,"href":"https:\/\/theteahousestore.com\/index.php\/wp-json\/wp\/v2\/product_brand?post=1459"},{"taxonomy":"product_cat","embeddable":true,"href":"https:\/\/theteahousestore.com\/index.php\/wp-json\/wp\/v2\/product_cat?post=1459"},{"taxonomy":"product_tag","embeddable":true,"href":"https:\/\/theteahousestore.com\/index.php\/wp-json\/wp\/v2\/product_tag?post=1459"}],"curies":[{"name":"wp","href":"https:\/\/api.w.org\/{rel}","templated":true}]}}