{"id":1215,"date":"2023-08-07T11:00:10","date_gmt":"2023-08-07T09:00:10","guid":{"rendered":"https:\/\/theteahousestore.com\/?post_type=product&#038;p=1215"},"modified":"2023-08-07T11:00:11","modified_gmt":"2023-08-07T09:00:11","slug":"fuente-de-interior-con-bomba-poliresina-taza-azul","status":"publish","type":"product","link":"https:\/\/theteahousestore.com\/index.php\/product\/fuente-de-interior-con-bomba-poliresina-taza-azul\/","title":{"rendered":"FUENTE DE INTERIOR CON BOMBA POLIRESINA TAZA AZUL\u6d41\u6c34\u6446\u4ef6 \u84dd\u58f6\u6d41\u6c34"},"content":{"rendered":"<p>La Fuente de Interior con Bomba de Poliresina no solo agrega un toque decorativo a tus espacios, sino que tambi\u00e9n crea un ambiente sereno y relajante. Puede convertirse en un punto focal visual y auditivo, brindando tanto est\u00e9tica como beneficios para el bienestar en el entorno interior. Ya sea como parte de la decoraci\u00f3n en una sala de estar, un rinc\u00f3n de meditaci\u00f3n o una oficina, esta fuente puede contribuir a crear un ambiente armonioso y tranquilo.<\/p>\n","protected":false},"excerpt":{"rendered":"<p>La Fuente de Interior con Bomba de Poliresina no solo agrega un toque decorativo a tus espacios, sino que tambi\u00e9n crea un ambiente sereno y relajante. Puede convertirse en un punto focal visual y auditivo, brindando tanto est\u00e9tica como beneficios para el bienestar en el entorno interior. Ya sea como parte de la decoraci\u00f3n en una sala de estar, un rinc\u00f3n de meditaci\u00f3n o una oficina, esta fuente puede contribuir a crear un ambiente armonioso y tranquilo.<\/p>\n","protected":false},"featured_media":1243,"comment_status":"open","ping_status":"closed","template":"","meta":[],"product_brand":[],"product_cat":[56,15],"product_tag":[57],"class_list":{"0":"post-1215","1":"product","2":"type-product","3":"status-publish","4":"has-post-thumbnail","6":"product_cat-adornos","7":"product_cat-adornos-de-agua-corriente","8":"product_tag-adornos","10":"first","11":"instock","12":"shipping-taxable","13":"purchasable","14":"product-type-simple"},"jetpack_sharing_enabled":true,"_links":{"self":[{"href":"https:\/\/theteahousestore.com\/index.php\/wp-json\/wp\/v2\/product\/1215","targetHints":{"allow":["GET"]}}],"collection":[{"href":"https:\/\/theteahousestore.com\/index.php\/wp-json\/wp\/v2\/product"}],"about":[{"href":"https:\/\/theteahousestore.com\/index.php\/wp-json\/wp\/v2\/types\/product"}],"replies":[{"embeddable":true,"href":"https:\/\/theteahousestore.com\/index.php\/wp-json\/wp\/v2\/comments?post=1215"}],"wp:featuredmedia":[{"embeddable":true,"href":"https:\/\/theteahousestore.com\/index.php\/wp-json\/wp\/v2\/media\/1243"}],"wp:attachment":[{"href":"https:\/\/theteahousestore.com\/index.php\/wp-json\/wp\/v2\/media?parent=1215"}],"wp:term":[{"taxonomy":"product_brand","embeddable":true,"href":"https:\/\/theteahousestore.com\/index.php\/wp-json\/wp\/v2\/product_brand?post=1215"},{"taxonomy":"product_cat","embeddable":true,"href":"https:\/\/theteahousestore.com\/index.php\/wp-json\/wp\/v2\/product_cat?post=1215"},{"taxonomy":"product_tag","embeddable":true,"href":"https:\/\/theteahousestore.com\/index.php\/wp-json\/wp\/v2\/product_tag?post=1215"}],"curies":[{"name":"wp","href":"https:\/\/api.w.org\/{rel}","templated":true}]}}